{"id":191,"date":"2025-03-31T12:14:40","date_gmt":"2025-03-31T18:14:40","guid":{"rendered":"https:\/\/hnoite.com\/?page_id=191"},"modified":"2025-04-14T10:41:01","modified_gmt":"2025-04-14T16:41:01","slug":"restaurante","status":"publish","type":"page","link":"https:\/\/hnoite.com\/en\/restaurante\/","title":{"rendered":"Restaurant"},"content":{"rendered":"<div  data-mk-full-width=\"true\" data-mk-full-width-init=\"false\" data-mk-stretch-content=\"true\" class=\"wpb_row vc_row vc_row-fluid jupiter-donut- mk-fullwidth-true add-padding-0 attched-true    vc_custom_1744397326742  equal-columns js-master-row  mk-full-content-true\">\n\t\t\t\t\n<div class=\"vc_col-sm-12 wpb_column column_container vc_custom_1743447083911 jupiter-donut- _ jupiter-donut-height-full\">\n\t\n\n<div class=\"wpb_row vc_inner vc_row vc_row-fluid jupiter-donut-  add-padding-1 attched-true\">\n\t\t\t<div class=\"wpb_column vc_column_container vc_col-sm-2\"><div class=\"vc_column-inner\"><div class=\"wpb_wrapper\"><\/div><\/div><\/div><div class=\"wpb_column vc_column_container vc_col-sm-4\"><div class=\"vc_column-inner\"><div class=\"wpb_wrapper\"><div class=\"vc_empty_space\"   style=\"height: 50px\"><span class=\"vc_empty_space_inner\"><\/span><\/div>\t<div class=\"vc_custom_1743451382224\">\n\n<div id=\"text-block-2\" class=\"mk-text-block  jupiter-donut-\">\n\n\t\n\t<h2><span style=\"color: #d2ad72;\">Restaurant<\/span><\/h2>\n\n\t<div class=\"clearboth\"><\/div>\n<\/div>\n\n\t<\/div>\n\t<div class=\"vc_custom_1744307929043\">\n\n<div id=\"text-block-3\" class=\"mk-text-block  jupiter-donut-\">\n\n\t\n\t<p><span style=\"color: #ffffff;\">Our Aura restaurant is the perfect meeting point for those seeking an unparalleled dining experience. From breakfasts that energize the day to dinners that celebrate the beauty of the night, each dish is carefully crafted to delight.<\/span><\/p>\n<p><span style=\"color: #ffffff;\">Let yourself be enveloped in a unique atmosphere and discover a culinary offering that shines with its own light.<br \/>\n<\/span><\/p>\n\n\t<div class=\"clearboth\"><\/div>\n<\/div>\n\n\t<\/div>\n<div class=\"vc_separator wpb_content_element vc_separator_align_center vc_sep_width_50 vc_sep_border_width_3 vc_sep_pos_align_left vc_separator_no_text\" ><span class=\"vc_sep_holder vc_sep_holder_l\"><span  style=\"border-color:#d2ad72;\" class=\"vc_sep_line\"><\/span><\/span><span class=\"vc_sep_holder vc_sep_holder_r\"><span  style=\"border-color:#d2ad72;\" class=\"vc_sep_line\"><\/span><\/span>\n<\/div>\n<div id=\"list-4\" class=\"mk-list-styles  mk-align-none  jupiter-donut- jupiter-donut-clear\" data-charcode=\"mk-icon-map-marker\" data-family=\"\">\n\n\t\n\t<ul style=\"padding-left: 30px; padding-right: 30px;\">\n<li><svg  class=\"mk-svg-icon\" data-name=\"mk-icon-map-marker\" data-cacheid=\"icon-69e8a8f439344\" style=\" height:16px; width: 9.1428571428571px; \"  xmlns=\"http:\/\/www.w3.org\/2000\/svg\" viewbox=\"0 0 1024 1792\"><path d=\"M768 640q0-106-75-181t-181-75-181 75-75 181 75 181 181 75 181-75 75-181zm256 0q0 109-33 179l-364 774q-16 33-47.5 52t-67.5 19-67.5-19-46.5-52l-365-774q-33-70-33-179 0-212 150-362t362-150 362 150 150 362z\"\/><\/svg><span style=\"color: #ffffff; font-size: 16px;\">BLVD Adolfo Lopez Mateos 2114 Colonia Parque Manzanares CP 37510, Le\u00f3n, Guanajuato, M\u00e9xico.<br \/>\n<\/span><\/li>\n<\/ul>\n\n<\/div>\n\n<div id=\"list-5\" class=\"mk-list-styles  mk-align-none  jupiter-donut- jupiter-donut-clear\" data-charcode=\"mk-moon-phone\" data-family=\"\">\n\n\t\n\t<ul style=\"padding-left: 30px; padding-right: 30px;\">\n<li><svg  class=\"mk-svg-icon\" data-name=\"mk-moon-phone\" data-cacheid=\"icon-69e8a8f43ac78\" style=\" height:16px; width: 16px; \"  xmlns=\"http:\/\/www.w3.org\/2000\/svg\" viewbox=\"0 0 512 512\"><path d=\"M352 320c-32 32-32 64-64 64s-64-32-96-64-64-64-64-96l64-64s-64-128-96-128l-96 96c0 64 65.75 193.75 128 256s192 128 256 128c0 0 96-64 96-96s-96-128-128-96z\"\/><\/svg><span style=\"color: #ffffff; font-size: 16px;\">477 152 3035 \/ <a style=\"color: #ffffff;\" href=\"https:\/\/wa.link\/yn5evc\" target=\"_blank\" rel=\"noopener\">477 919 3945<\/a><\/span><\/li>\n<\/ul>\n\n<\/div>\n<\/div><\/div><\/div><div class=\"wpb_column vc_column_container vc_col-sm-4 vc_col-has-fill\"><div class=\"vc_column-inner vc_custom_1744397675100\"><div class=\"wpb_wrapper\"><div class=\"vc_empty_space\"   style=\"height: 500px\"><span class=\"vc_empty_space_inner\"><\/span><\/div><\/div><\/div><\/div><div class=\"wpb_column vc_column_container vc_col-sm-2\"><div class=\"vc_column-inner\"><div class=\"wpb_wrapper\"><\/div><\/div><\/div>\t<\/div>\n<div class=\"vc_empty_space\"   style=\"height: 50px\"><span class=\"vc_empty_space_inner\"><\/span><\/div>\n\n<div class=\"wpb_row vc_inner vc_row vc_row-fluid jupiter-donut-   attched-false\">\n\t\t\t<div class=\"wpb_column vc_column_container vc_col-sm-3\"><div class=\"vc_column-inner\"><div class=\"wpb_wrapper\"><\/div><\/div><\/div><div class=\"wpb_column vc_column_container vc_col-sm-3 vc_col-has-fill\"><div class=\"vc_column-inner vc_custom_1744308518150\"><div class=\"wpb_wrapper\"><div class=\"vc_empty_space\"   style=\"height: 500px\"><span class=\"vc_empty_space_inner\"><\/span><\/div><\/div><\/div><\/div><div class=\"wpb_column vc_column_container vc_col-sm-3 vc_col-has-fill\"><div class=\"vc_column-inner vc_custom_1743446566459\"><div class=\"wpb_wrapper\"><div class=\"vc_empty_space\"   style=\"height: 30px\"><span class=\"vc_empty_space_inner\"><\/span><\/div>\t<div class=\"vc_custom_1744308593199\">\n\n<div id=\"text-block-6\" class=\"mk-text-block  jupiter-donut-\">\n\n\t\n\t<h2><span style=\"color: #ffffff;\">Gilberto Soto<\/span><\/h2>\n<p><span style=\"color: #ffffff;\">Chef Ejecutivo<\/span><\/p>\n\n\t<div class=\"clearboth\"><\/div>\n<\/div>\n\n\t<\/div>\n<div class=\"vc_separator wpb_content_element vc_separator_align_center vc_sep_width_50 vc_sep_border_width_3 vc_sep_pos_align_left vc_separator_no_text vc_custom_1743451427136  vc_custom_1743451427136\" ><span class=\"vc_sep_holder vc_sep_holder_l\"><span  style=\"border-color:#d2ad72;\" class=\"vc_sep_line\"><\/span><\/span><span class=\"vc_sep_holder vc_sep_holder_r\"><span  style=\"border-color:#d2ad72;\" class=\"vc_sep_line\"><\/span><\/span>\n<\/div>\t<div class=\"vc_custom_1744308184408\">\n\n<div id=\"text-block-7\" class=\"mk-text-block  jupiter-donut-\">\n\n\t\n\t<p><span style=\"color: #ffffff;\">Con m\u00e1s de 12 a\u00f1os de experiencia y una gran trayectoria en prestigiosos hoteles. Destacando por su pasi\u00f3n y talento culinario. Su especialidad es la gastronom\u00eda italiana y mexicana con bases francesas, explorando la fusi\u00f3n de sabores y las tendencias moleculares. Para \u00e9l, la cocina es un arte en constante evoluci\u00f3n, donde cada platillo es una expresi\u00f3n de creatividad y t\u00e9cnica.<\/span><\/p>\n\n\t<div class=\"clearboth\"><\/div>\n<\/div>\n\n\t<\/div>\n<div class=\"vc_empty_space\"   style=\"height: 30px\"><span class=\"vc_empty_space_inner\"><\/span><\/div><\/div><\/div><\/div><div class=\"wpb_column vc_column_container vc_col-sm-3\"><div class=\"vc_column-inner\"><div class=\"wpb_wrapper\"><\/div><\/div><\/div>\t<\/div>\n\n\n<div class=\"wpb_row vc_inner vc_row vc_row-fluid jupiter-donut-   attched-false\">\n\t\t\t<div class=\"wpb_column vc_column_container vc_col-sm-3\"><div class=\"vc_column-inner\"><div class=\"wpb_wrapper\"><\/div><\/div><\/div><div class=\"wpb_column vc_column_container vc_col-sm-3\"><div class=\"vc_column-inner\"><div class=\"wpb_wrapper\"><\/div><\/div><\/div><div class=\"wpb_column vc_column_container vc_col-sm-3\"><div class=\"vc_column-inner\"><div class=\"wpb_wrapper\"><\/div><\/div><\/div><div class=\"wpb_column vc_column_container vc_col-sm-3\"><div class=\"vc_column-inner\"><div class=\"wpb_wrapper\">\n\t<div class=\"wpb_raw_code wpb_content_element wpb_raw_html\" >\n\t\t<div class=\"wpb_wrapper\">\n\t\t\t<img decoding=\"async\" src=\"https:\/\/lmq.be8.myftpupload.com\/wp-content\/uploads\/2025\/03\/noite_6.png\" style=\"width: 300px; margin-top: -150px; margin-left: -150px;\">\n\t\t<\/div>\n\t<\/div>\n<\/div><\/div><\/div>\t<\/div>\n<\/div>\n\t<\/div>\n<div class=\"vc_row-full-width vc_clearfix\"><\/div>\n<div  data-mk-full-width=\"true\" data-mk-full-width-init=\"false\" data-mk-stretch-content=\"true\" class=\"wpb_row vc_row vc_row-fluid jupiter-donut- mk-fullwidth-true add-padding-0 attched-true    vc_custom_1744397318481  js-master-row  mk-full-content-true\">\n\t\t\t\t\n<div class=\"vc_col-sm-12 wpb_column column_container  jupiter-donut- _ jupiter-donut-height-full\">\n\t\n\n<div class=\"wpb_row vc_inner vc_row vc_row-fluid jupiter-donut-   attched-false\">\n\t\t\t<div class=\"wpb_column vc_column_container vc_col-sm-2\"><div class=\"vc_column-inner\"><div class=\"wpb_wrapper\"><\/div><\/div><\/div><div class=\"wpb_column vc_column_container vc_col-sm-8\"><div class=\"vc_column-inner\"><div class=\"wpb_wrapper\">\t<div class=\"vc_custom_1743451437042\">\n\n<div id=\"text-block-9\" class=\"mk-text-block  jupiter-donut-\">\n\n\t\n\t<h2><span style=\"color: #d2ad72;\">Men\u00fa<\/span><\/h2>\n\n\t<div class=\"clearboth\"><\/div>\n<\/div>\n\n\t<\/div>\n<\/div><\/div><\/div><div class=\"wpb_column vc_column_container vc_col-sm-2\"><div class=\"vc_column-inner\"><div class=\"wpb_wrapper\"><\/div><\/div><\/div>\t<\/div>\n\n\n<div class=\"wpb_row vc_inner vc_row vc_row-fluid jupiter-donut-  add-padding-1 attched-true   vc_custom_1744397767517\">\n\t\t\t<div class=\"wpb_column vc_column_container vc_col-sm-1\/5\"><div class=\"vc_column-inner\"><div class=\"wpb_wrapper\"><\/div><\/div><\/div><div class=\"wpb_column vc_column_container vc_col-sm-1\/5 vc_col-has-fill\"><div class=\"vc_column-inner vc_custom_1744397796213\"><div class=\"wpb_wrapper\"><div class=\"vc_empty_space\"   style=\"height: 300px\"><span class=\"vc_empty_space_inner\"><\/span><\/div>\t<div class=\"vc_custom_1744648851688\">\n\n<div id=\"text-block-10\" class=\"mk-text-block  jupiter-donut-\">\n\n\t\n\t<h3><span style=\"color: #ffffff;\">Bebidas<\/span><\/h3>\n<p style=\"text-align: right;\"><a style=\"color: #d2ad72;\" href=\"https:\/\/hnoite.com\/wp-content\/uploads\/2025\/04\/bebidas.pdf\" target=\"_blank\" rel=\"noopener\">Ver &gt;<\/a><\/p>\n\n\t<div class=\"clearboth\"><\/div>\n<\/div>\n\n\t<\/div>\n<\/div><\/div><\/div><div class=\"wpb_column vc_column_container vc_col-sm-1\/5 vc_col-has-fill\"><div class=\"vc_column-inner vc_custom_1744397802466\"><div class=\"wpb_wrapper\"><div class=\"vc_empty_space\"   style=\"height: 300px\"><span class=\"vc_empty_space_inner\"><\/span><\/div>\t<div class=\"vc_custom_1744648835757\">\n\n<div id=\"text-block-11\" class=\"mk-text-block  jupiter-donut-\">\n\n\t\n\t<h3><span style=\"color: #ffffff;\">Platillos<\/span><\/h3>\n<p style=\"text-align: right;\"><a style=\"color: #d2ad72;\" href=\"https:\/\/hnoite.com\/wp-content\/uploads\/2025\/04\/platillos.pdf\" target=\"_blank\" rel=\"noopener\">Ver &gt;<\/a><\/p>\n\n\t<div class=\"clearboth\"><\/div>\n<\/div>\n\n\t<\/div>\n<\/div><\/div><\/div><div class=\"wpb_column vc_column_container vc_col-sm-1\/5 vc_col-has-fill\"><div class=\"vc_column-inner vc_custom_1744397812280\"><div class=\"wpb_wrapper\"><div class=\"vc_empty_space\"   style=\"height: 300px\"><span class=\"vc_empty_space_inner\"><\/span><\/div>\t<div class=\"vc_custom_1744648819705\">\n\n<div id=\"text-block-12\" class=\"mk-text-block  jupiter-donut-\">\n\n\t\n\t<h3><span style=\"color: #ffffff;\">Postres<\/span><\/h3>\n<p style=\"text-align: right;\"><a style=\"color: #d2ad72;\" href=\"https:\/\/hnoite.com\/wp-content\/uploads\/2025\/04\/postres.pdf\" target=\"_blank\" rel=\"noopener\">Ver &gt;<\/a><\/p>\n\n\t<div class=\"clearboth\"><\/div>\n<\/div>\n\n\t<\/div>\n<\/div><\/div><\/div><div class=\"wpb_column vc_column_container vc_col-sm-1\/5\"><div class=\"vc_column-inner\"><div class=\"wpb_wrapper\"><\/div><\/div><\/div>\t<\/div>\n<div class=\"vc_empty_space\"   style=\"height: 50px\"><span class=\"vc_empty_space_inner\"><\/span><\/div>\n\n<div class=\"wpb_row vc_inner vc_row vc_row-fluid jupiter-donut-   attched-false\">\n\t\t\t<div class=\"wpb_column vc_column_container vc_col-sm-2\"><div class=\"vc_column-inner\"><div class=\"wpb_wrapper\"><\/div><\/div><\/div><div class=\"wpb_column vc_column_container vc_col-sm-8\"><div class=\"vc_column-inner\"><div class=\"wpb_wrapper\">\t<div class=\"vc_custom_1743451445074\">\n\n<div id=\"text-block-13\" class=\"mk-text-block  jupiter-donut-\">\n\n\t\n\t<h2><span style=\"color: #d2ad72;\">Sabores de otro planeta<\/span><\/h2>\n\n\t<div class=\"clearboth\"><\/div>\n<\/div>\n\n\t<\/div>\n<\/div><\/div><\/div><div class=\"wpb_column vc_column_container vc_col-sm-2\"><div class=\"vc_column-inner\"><div class=\"wpb_wrapper\"><\/div><\/div><\/div>\t<\/div>\n<\/div>\n\t<\/div>\n<div class=\"vc_row-full-width vc_clearfix\"><\/div>\n<div  data-mk-full-width=\"true\" data-mk-full-width-init=\"false\" data-mk-stretch-content=\"true\" class=\"wpb_row vc_row vc_row-fluid jupiter-donut- mk-fullwidth-true add-padding-0 attched-true     js-master-row  mk-full-content-true\">\n\t\t\t\t\n<div class=\"vc_col-sm-12 wpb_column column_container  jupiter-donut- _ jupiter-donut-height-full\">\n\t\n\t\t\t\t<p class=\"rs-p-wp-fix\"><\/p>\n\t\t\t\t<sr7-module data-alias=\"slider-3-1\" data-id=\"4\" id=\"SR7_4_1\" class=\"rs-ov-hidden\" data-version=\"6.7.28\">\n\t\t\t\t\t<sr7-adjuster><\/sr7-adjuster>\n\t\t\t\t\t<sr7-content>\n\t\t\t\t\t\t<sr7-carousel>\n\t\t\t\t\t\t<sr7-slide id=\"SR7_4_1-31\" data-key=\"31\">\n\t\t\t\t\t\t\t<sr7-txt id=\"SR7_4_1-31-4\" class=\"sr7-layer\">Una combinaci\u00f3n irresistible de texturas y sabores. Delicioso lomo de at\u00fan sellado a la perfecci\u00f3n, sobre una crujiente costra de frutos secos que resalta su suavidad y frescura.<\/sr7-txt>\n\t\t\t\t\t\t\t<sr7-txt id=\"SR7_4_1-31-7\" class=\"sr7-layer\">AT\u00daN EN COSTRA<br \/>\nDE FRUTOS SECOS <\/sr7-txt>\n\t\t\t\t\t\t\t<sr7-txt id=\"SR7_4_1-31-8\" class=\"sr7-layer\">Una combinaci\u00f3n irresistible de texturas y sabores. Delicioso lomo de at\u00fan sellado a la perfecci\u00f3n, sobre una crujiente costra de frutos secos que resalta su suavidad y frescura.<br \/>\n<br \/>\nAcompa\u00f1ado de una guarnici\u00f3n sutil y una salsa que realza cada bocado, este platillo es un deleite para los sentidos. <br \/>\n<\/sr7-txt>\n\t\t\t\t\t\t<\/sr7-slide>\n\t\t\t\t\t\t<sr7-slide id=\"SR7_4_1-42\" data-key=\"42\">\n\t\t\t\t\t\t\t<sr7-txt id=\"SR7_4_1-42-2\" class=\"sr7-layer\">TU\u00c9TANO ASADO CON AGUACHILE NEGRO<\/sr7-txt>\n\t\t\t\t\t\t\t<sr7-txt id=\"SR7_4_1-42-5\" class=\"sr7-layer\">Tu\u00e9tano, asado lentamente hasta alcanzar una textura suave, con la intensidad del aguachile negro, una mezcla vibrante de chiles, c\u00edtricos y especias que despiertan el paladar.<\/sr7-txt>\n\t\t\t\t\t\t\t<sr7-txt id=\"SR7_4_1-42-12\" class=\"sr7-layer\">Tu\u00e9tano, asado lentamente hasta alcanzar una textura suave, con la intensidad del aguachile negro, una mezcla vibrante de chiles, c\u00edtricos y especias que despiertan el paladar.<br \/>\n<br \/>\n Cada cucharada es una explosi\u00f3n de sabor que te har\u00e1 querer probar de nuevo.<\/sr7-txt>\n\t\t\t\t\t\t<\/sr7-slide>\n\t\t\t\t\t\t<sr7-slide id=\"SR7_4_1-43\" data-key=\"43\">\n\t\t\t\t\t\t\t<sr7-txt id=\"SR7_4_1-43-10\" class=\"sr7-layer\">VICHYSSOISE<\/sr7-txt>\n\t\t\t\t\t\t\t<sr7-txt id=\"SR7_4_1-43-11\" class=\"sr7-layer\">Una deliciosa sopa fr\u00eda con historia y elegancia. De origen franc\u00e9s, combina cebolla, papa y crema en una textura aterciopelada que se deshace en la boca.<\/sr7-txt>\n\t\t\t\t\t\t\t<sr7-txt id=\"SR7_4_1-43-13\" class=\"sr7-layer\">Una deliciosa sopa fr\u00eda con historia y elegancia. De origen franc\u00e9s, combina cebolla, papa y crema en una textura aterciopelada que se deshace en la boca.<br \/>\n<br \/>\nSu sabor sutil, pero reconfortante, se equilibra con un toque de hierbas frescas y un ligero contraste de crocantes, haci\u00e9ndola perfecta para cualquier ocasi\u00f3n.<br \/>\n<\/sr7-txt>\n\t\t\t\t\t\t<\/sr7-slide>\n\t\t\t\t\t\t<sr7-slide id=\"SR7_4_1-34\" data-key=\"34\">\n\t\t\t\t\t\t<\/sr7-slide>\n\t\t\t\t\t\t<\/sr7-carousel>\n\t\t\t\t\t<\/sr7-content>\n\t\t\t\t\t<image_lists style=\"display:none\">\n\t\t\t\t\t\t<img data-src=\"\/\/hnoite.com\/wp-content\/uploads\/2025\/04\/0-1.jpg\" data-libid=\"345\" data-lib=\"medialibrary\" title=\"0-1\" width=\"0\" height=\"0\" data-dbsrc=\"Ly9obm9pdGUuY29tL3dwLWNvbnRlbnQvdXBsb2Fkcy8yMDI1LzA0LzAtMS5qcGc=\"\/>\n\t\t\t\t\t\t<img data-src=\"\/\/hnoite.com\/wp-content\/uploads\/2025\/04\/0-2.jpg\" data-libid=\"344\" data-lib=\"medialibrary\" title=\"0-2\" width=\"0\" height=\"0\" data-dbsrc=\"Ly9obm9pdGUuY29tL3dwLWNvbnRlbnQvdXBsb2Fkcy8yMDI1LzA0LzAtMi5qcGc=\"\/>\n\t\t\t\t\t\t<img data-src=\"\/\/hnoite.com\/wp-content\/uploads\/2025\/04\/0-3.jpg\" data-libid=\"343\" data-lib=\"medialibrary\" title=\"0-3\" width=\"0\" height=\"0\" data-dbsrc=\"Ly9obm9pdGUuY29tL3dwLWNvbnRlbnQvdXBsb2Fkcy8yMDI1LzA0LzAtMy5qcGc=\"\/>\n\t\t\t\t\t<\/image_lists>\n\t\t\t\t<\/sr7-module>\n\t\t\t\t<script>\n\t\t\t\t\tSR7.PMH ??={}; SR7.PMH[\"SR7_4_1\"] = {cn:100,state:false,fn: function() { if (_tpt!==undefined && _tpt.prepareModuleHeight !== undefined) {  _tpt.prepareModuleHeight({id:\"SR7_4_1\",el:[600,600,600,600,220],type:'carousel',shdw:'0',gh:[600,600,600,600,220],gw:[1200,1200,1200,1200,440],vpt:['-100px&#039;,&#039;-100px&#039;,&#039;-100px&#039;,&#039;-100px&#039;,&#039;-100px'],size:{fullWidth:true, fullHeight:false},mh:'0',onh:0,onw:0,bg:{color:'{\"orig\":\"transparent\",\"type\":\"solid\",\"string\":\"transparent\"}'},carousel:{pt:'0',pb:'0'}});   SR7.PMH[\"SR7_4_1\"].state=true;} else if(SR7.PMH[\"SR7_4_1\"].cn-->0)\tsetTimeout( SR7.PMH[\"SR7_4_1\"].fn,19);}};SR7.PMH[\"SR7_4_1\" ].fn();\n\t\t\t\t<\/script>\n<div class=\"vc_empty_space\"   style=\"height: 50px\"><span class=\"vc_empty_space_inner\"><\/span><\/div><\/div>\n\t<\/div>\n<div class=\"vc_row-full-width vc_clearfix\"><\/div>","protected":false},"excerpt":{"rendered":"Restaurante Nuestro restaurante Aura es el punto de encuentro perfecto para quienes buscan una experiencia gastron\u00f3mica inigualable. Desde desayunos que inician el d\u00eda con energ\u00eda hasta cenas que celebran la belleza de la noche, cada platillo est\u00e1 cuidadosamente elaborado para sorprender. D\u00e9jate envolver por una atm\u00f3sfera \u00fanica y descubre una propuesta culinaria que brilla con [...]","protected":false},"author":1,"featured_media":0,"parent":0,"menu_order":0,"comment_status":"closed","ping_status":"closed","template":"","meta":{"_coblocks_attr":"","_coblocks_dimensions":"","_coblocks_responsive_height":"","_coblocks_accordion_ie_support":"","footnotes":""},"class_list":["post-191","page","type-page","status-publish","hentry"],"_links":{"self":[{"href":"https:\/\/hnoite.com\/en\/wp-json\/wp\/v2\/pages\/191","targetHints":{"allow":["GET"]}}],"collection":[{"href":"https:\/\/hnoite.com\/en\/wp-json\/wp\/v2\/pages"}],"about":[{"href":"https:\/\/hnoite.com\/en\/wp-json\/wp\/v2\/types\/page"}],"author":[{"embeddable":true,"href":"https:\/\/hnoite.com\/en\/wp-json\/wp\/v2\/users\/1"}],"replies":[{"embeddable":true,"href":"https:\/\/hnoite.com\/en\/wp-json\/wp\/v2\/comments?post=191"}],"version-history":[{"count":50,"href":"https:\/\/hnoite.com\/en\/wp-json\/wp\/v2\/pages\/191\/revisions"}],"predecessor-version":[{"id":482,"href":"https:\/\/hnoite.com\/en\/wp-json\/wp\/v2\/pages\/191\/revisions\/482"}],"wp:attachment":[{"href":"https:\/\/hnoite.com\/en\/wp-json\/wp\/v2\/media?parent=191"}],"curies":[{"name":"wp","href":"https:\/\/api.w.org\/{rel}","templated":true}]}}