{"id":398,"date":"2025-04-11T15:33:39","date_gmt":"2025-04-11T21:33:39","guid":{"rendered":"https:\/\/hnoite.com\/?page_id=398"},"modified":"2025-08-19T17:32:38","modified_gmt":"2025-08-19T23:32:38","slug":"contacto","status":"publish","type":"page","link":"https:\/\/hnoite.com\/en\/contacto\/","title":{"rendered":"Contact"},"content":{"rendered":"<div  data-mk-full-width=\"true\" data-mk-full-width-init=\"false\" data-mk-stretch-content=\"true\" class=\"wpb_row vc_row vc_row-fluid jupiter-donut- mk-fullwidth-true add-padding-1 attched-true     js-master-row  mk-full-content-true\">\n\t\t\t\t\n<div class=\"vc_col-sm-6 wpb_column column_container  jupiter-donut- _ jupiter-donut-height-full\">\n\t\n\t<div  class=\"wpb_single_image wpb_content_element vc_align_center\">\n\t\t\n\t\t<figure class=\"wpb_wrapper vc_figure\">\n\t\t\t<div class=\"vc_single_image-wrapper   vc_box_border_grey\"><img loading=\"lazy\" decoding=\"async\" width=\"1500\" height=\"1501\" src=\"https:\/\/hnoite.com\/wp-content\/uploads\/2025\/03\/fachada_hnoite.jpg\" class=\"vc_single_image-img attachment-full\" alt=\"\" title=\"fachada_hnoite\" srcset=\"https:\/\/hnoite.com\/wp-content\/uploads\/2025\/03\/fachada_hnoite.jpg 1500w, https:\/\/hnoite.com\/wp-content\/uploads\/2025\/03\/fachada_hnoite-300x300.jpg 300w, https:\/\/hnoite.com\/wp-content\/uploads\/2025\/03\/fachada_hnoite-1024x1024.jpg 1024w, https:\/\/hnoite.com\/wp-content\/uploads\/2025\/03\/fachada_hnoite-150x150.jpg 150w, https:\/\/hnoite.com\/wp-content\/uploads\/2025\/03\/fachada_hnoite-768x769.jpg 768w\" sizes=\"auto, (max-width: 1500px) 100vw, 1500px\" itemprop=\"image\" \/><\/div>\n\t\t<\/figure>\n\t<\/div>\n<\/div>\n\n<div class=\"vc_col-sm-6 wpb_column column_container  jupiter-donut- _ jupiter-donut-height-full\">\n\t<div class=\"vc_empty_space\"   style=\"height: 50px\"><span class=\"vc_empty_space_inner\"><\/span><\/div><div class=\"vc_empty_space\"   style=\"height: 50px\"><span class=\"vc_empty_space_inner\"><\/span><\/div>\t<div class=\"vc_custom_1747698128061\">\n\n<div id=\"text-block-3\" class=\"mk-text-block  jupiter-donut-\">\n\n\t\n\t<h2><span style=\"color: #d2ad72;\">Our Location<\/span><\/h2>\n\n\t<div class=\"clearboth\"><\/div>\n<\/div>\n\n\t<\/div>\n<div class=\"vc_separator wpb_content_element vc_separator_align_center vc_sep_width_50 vc_sep_border_width_2 vc_sep_pos_align_left vc_separator_no_text\" ><span class=\"vc_sep_holder vc_sep_holder_l\"><span  style=\"border-color:#d2ad72;\" class=\"vc_sep_line\"><\/span><\/span><span class=\"vc_sep_holder vc_sep_holder_r\"><span  style=\"border-color:#d2ad72;\" class=\"vc_sep_line\"><\/span><\/span>\n<\/div>\n<div id=\"list-4\" class=\"mk-list-styles  mk-align-left  jupiter-donut- jupiter-donut-clear\" data-charcode=\"mk-icon-map-marker\" data-family=\"\">\n\n\t\n\t<ul style=\"padding-left: 30px; padding-right: 30px;\">\n<li><svg  class=\"mk-svg-icon\" data-name=\"mk-icon-map-marker\" data-cacheid=\"icon-6a09127013604\" style=\" height:16px; width: 9.1428571428571px; \"  xmlns=\"http:\/\/www.w3.org\/2000\/svg\" viewbox=\"0 0 1024 1792\"><path d=\"M768 640q0-106-75-181t-181-75-181 75-75 181 75 181 181 75 181-75 75-181zm256 0q0 109-33 179l-364 774q-16 33-47.5 52t-67.5 19-67.5-19-46.5-52l-365-774q-33-70-33-179 0-212 150-362t362-150 362 150 150 362z\"\/><\/svg><span style=\"color: #23395a; font-size: 16px;\">Blvd. Adolfo Lopez Mateos 2114 Colonia Parque Manzanares CP 37510, Le\u00f3n, Guanajuato, M\u00e9xico.<br \/>\n<\/span><\/li>\n<\/ul>\n\n<\/div>\n\n<div id=\"list-5\" class=\"mk-list-styles  mk-align-left  jupiter-donut- jupiter-donut-clear\" data-charcode=\"mk-moon-mail-2\" data-family=\"\">\n\n\t\n\t<ul style=\"padding-left: 30px; padding-right: 30px;\">\n<li><svg  class=\"mk-svg-icon\" data-name=\"mk-moon-mail-2\" data-cacheid=\"icon-6a0912701388c\" style=\" height:16px; width: 16px; \"  xmlns=\"http:\/\/www.w3.org\/2000\/svg\" viewbox=\"0 0 512 512\"><path d=\"M426.671 0h-341.328c-46.937 0-85.343 38.405-85.343 85.345v341.311c0 46.969 38.406 85.344 85.343 85.344h341.328c46.938 0 85.329-38.375 85.329-85.345v-341.31c0-46.94-38.391-85.345-85.329-85.345zm0 64c3.994 0 7.773 1.167 11.01 3.171l-181.681 150.202-181.677-150.2c3.239-2.005 7.022-3.173 11.02-3.173h341.328zm-341.328 384c-.962 0-1.91-.073-2.842-.204l112.813-156.483-14.628-14.627-116.686 116.685v-305.569l192 232.198 192-232.197v305.568l-116.686-116.685-14.627 14.627 112.814 156.484c-.929.13-1.873.203-2.831.203h-341.327z\"\/><\/svg><span style=\"color: #23395a; font-size: 16px;\">recepcionbc@hnoite.com<\/span><\/li>\n<\/ul>\n\n<\/div>\n\n<div id=\"list-6\" class=\"mk-list-styles  mk-align-left  jupiter-donut- jupiter-donut-clear\" data-charcode=\"mk-moon-phone\" data-family=\"\">\n\n\t\n\t<ul style=\"padding-left: 30px; padding-right: 30px;\">\n<li><svg  class=\"mk-svg-icon\" data-name=\"mk-moon-phone\" data-cacheid=\"icon-6a09127013b10\" style=\" height:16px; width: 16px; \"  xmlns=\"http:\/\/www.w3.org\/2000\/svg\" viewbox=\"0 0 512 512\"><path d=\"M352 320c-32 32-32 64-64 64s-64-32-96-64-64-64-64-96l64-64s-64-128-96-128l-96 96c0 64 65.75 193.75 128 256s192 128 256 128c0 0 96-64 96-96s-96-128-128-96z\"\/><\/svg><span style=\"color: #23395a; font-size: 16px;\">477 937 8633 \/ <a style=\"color: #23395a;\" href=\"https:\/\/wa.link\/yn5evc\" target=\"_blank\" rel=\"noopener\">477 937 8634 <\/a><\/span><\/li>\n<\/ul>\n\n<\/div>\n<\/div>\n\t<\/div>\n<div class=\"vc_row-full-width vc_clearfix\"><\/div>\n<div  data-mk-full-width=\"true\" data-mk-full-width-init=\"false\" data-mk-stretch-content=\"true\" class=\"wpb_row vc_row vc_row-fluid jupiter-donut- mk-fullwidth-true add-padding-0 attched-true     js-master-row  mk-full-content-true\">\n\t\t\t\t\n<div class=\"vc_col-sm-12 wpb_column column_container  jupiter-donut- _ jupiter-donut-height-full\">\n\t<div class=\"vc_separator wpb_content_element vc_separator_align_center vc_sep_width_50 vc_sep_border_width_2 vc_sep_pos_align_center vc_separator_no_text\" ><span class=\"vc_sep_holder vc_sep_holder_l\"><span  style=\"border-color:#d2ad72;\" class=\"vc_sep_line\"><\/span><\/span><span class=\"vc_sep_holder vc_sep_holder_r\"><span  style=\"border-color:#d2ad72;\" class=\"vc_sep_line\"><\/span><\/span>\n<\/div><div class=\"vc_empty_space\"   style=\"height: 20px\"><span class=\"vc_empty_space_inner\"><\/span><\/div>\n\n<div class=\"wpb_row vc_inner vc_row vc_row-fluid jupiter-donut-  add-padding-0 attched-true\">\n\t\t\t\t<div class=\"mk-grid\">\n\t\t\t<div class=\"wpb_column vc_column_container vc_col-sm-6 vc_col-has-fill\"><div class=\"vc_column-inner vc_custom_1747698350414\"><div class=\"wpb_wrapper\">\t<div class=\"vc_custom_1747698355283\">\n\n<div id=\"text-block-8\" class=\"mk-text-block  jupiter-donut-\">\n\n\t\n\t<h2><span style=\"color: #fff;\">Contact us<\/span><\/h2>\n\n\t<div class=\"clearboth\"><\/div>\n<\/div>\n\n\t<\/div>\n\t<div class=\"vc_custom_1747698360697\">\n\n<div id=\"text-block-9\" class=\"mk-text-block  jupiter-donut-\">\n\n\t\n\t<p><span style=\"color: #ffffff;\">Leave us a message, we will contact you as soon as possible.<\/span><\/p>\n\n\t<div class=\"clearboth\"><\/div>\n<\/div>\n\n\t<\/div>\n<div class=\"vc_separator wpb_content_element vc_separator_align_center vc_sep_width_50 vc_sep_border_width_2 vc_sep_pos_align_left vc_separator_no_text vc_custom_1747698401197  vc_custom_1747698401197\" ><span class=\"vc_sep_holder vc_sep_holder_l\"><span  style=\"border-color:#ffffff;\" class=\"vc_sep_line\"><\/span><\/span><span class=\"vc_sep_holder vc_sep_holder_r\"><span  style=\"border-color:#ffffff;\" class=\"vc_sep_line\"><\/span><\/span>\n<\/div>\t<div class=\"vc_custom_1747698365597\">\n\n<div id=\"text-block-10\" class=\"mk-text-block  jupiter-donut-\">\n\n\t\n\t<div data-uniq='6a0912701529e' class='uniq-6a0912701529e formcraft-css form-live align-left'><script> window.formcraftLogic = window.formcraftLogic || {}; window.formcraftLogic[1] = []; <\/script><div class=\"fc-pagination-cover fc-pagination-1\">\n\t\t\t\t<div class=\"fc-pagination width-100\">\n\t\t\t\t\t<!-- ngRepeat: page in Builder.FormElements track by $index --><div class=\"pagination-trigger\" data-index=\"0\">\n\t\t\t\t\t\t<span class=\"page-number\"><span >1<\/span><\/span>\n\t\t\t\t\t\t<span class=\"page-name\">Step 1<\/span>\n\t\t\t\t\t\t\n\t\t\t\t\t<\/div><!-- end ngRepeat: page in Builder.FormElements track by $index -->\n\t\t\t\t<\/div>\n\t\t\t<\/div>\n\t\t\t\n\t\t\t<style scoped=\"scoped\" >\n\t\t\t@media (max-width : 480px) {\n\t\t\t\t.fc_modal-dialog-1 .fc-pagination-cover .fc-pagination\n\t\t\t\t{\n\t\t\t\t\tbackground-color: none !important;\n\t\t\t\t}\n\t\t\t}\n\t\t\t\t\t\t.formcraft-css .fc-form.fc-form-1 .form-element .submit-cover .submit-button,\n\t\t\t.formcraft-css .fc-form.fc-form-1 .form-element .fileupload-cover .button-file,\n\t\t\t.formcraft-css .fc-form.fc-form-1 .form-element .field-cover .button,\n\t\t\t.formcraft-datepicker .ui-datepicker-header,\n\t\t\t.formcraft-datepicker .ui-datepicker-title\n\t\t\t{\n\t\t\t\tbackground: #deb887;\n\t\t\t\tcolor: #fff;\n\t\t\t}\n\t\t\t.formcraft-datepicker td .ui-state-active,\n\t\t\t.formcraft-datepicker td .ui-state-hover,\n\t\t\t.formcraft-css .fc-form.fc-form-1 .form-element .slider-cover .ui-slider-range\n\t\t\t{\n\t\t\t\tbackground: #deb887;\n\t\t\t}\n\t\t\t#ui-datepicker-div.formcraft-datepicker .ui-datepicker-header,\n\t\t\t.formcraft-css .fc-form .field-cover>div.full hr\n\t\t\t{\n\t\t\t\tborder-color: #c3a176;\n\t\t\t}\n\t\t\t#ui-datepicker-div.formcraft-datepicker .ui-datepicker-prev:hover,\n\t\t\t#ui-datepicker-div.formcraft-datepicker .ui-datepicker-next:hover,\n\t\t\t#ui-datepicker-div.formcraft-datepicker select.ui-datepicker-month:hover,\n\t\t\t#ui-datepicker-div.formcraft-datepicker select.ui-datepicker-year:hover\n\t\t\t{\n\t\t\t\tbackground-color: #c3a176;\n\t\t\t}\n\t\t\t.formcraft-css .fc-pagination>div.active .page-number,\n\t\t\t.formcraft-css .form-cover-builder .fc-pagination>div:first-child .page-number\n\t\t\t{\n\t\t\t\tbackground-color: #deb887;\n\t\t\t\tcolor: #fff;\n\t\t\t}\n\t\t\t#ui-datepicker-div.formcraft-datepicker table.ui-datepicker-calendar th,\n\t\t\t#ui-datepicker-div.formcraft-datepicker table.ui-datepicker-calendar td.ui-datepicker-today a,\n\t\t\t.formcraft-css .fc-form.fc-form-1 .form-element .star-cover label,\n\t\t\thtml .formcraft-css .fc-form.label-floating .form-element .field-cover.has-focus>span,\n\t\t\t.formcraft-css .fc-form.fc-form-1 .form-element .customText-cover a,\n\t\t\t.formcraft-css .prev-next>div span:hover\n\t\t\t{\n\t\t\t\tcolor: #deb887;\n\t\t\t}\n\t\t\t.formcraft-css .fc-form.fc-form-1 .form-element .customText-cover a:hover\n\t\t\t{\n\t\t\t\tcolor: #c3a176;\n\t\t\t}\n\t\t\thtml .formcraft-css .fc-form.fc-form-1.label-floating .form-element .field-cover > span\n\t\t\t{\n\t\t\t\tcolor: #666666;\n\t\t\t}\n\t\t\thtml .formcraft-css .fc-form .final-success .final-success-check {\n\t\t\t\tborder: 2px solid #666666;\n\t\t\t}\n\t\t\t.formcraft-css .fc-form.fc-form-1 .form-element .field-cover input[type=\"text\"],\n\t\t\t.formcraft-css .fc-form.fc-form-1 .form-element .field-cover input[type=\"email\"],\n\t\t\t.formcraft-css .fc-form.fc-form-1 .form-element .field-cover input[type=\"password\"],\n\t\t\t.formcraft-css .fc-form.fc-form-1 .form-element .field-cover input[type=\"tel\"],\n\t\t\t.formcraft-css .fc-form.fc-form-1 .form-element .field-cover textarea,\n\t\t\t.formcraft-css .fc-form.fc-form-1 .form-element .field-cover select,\n\t\t\t.formcraft-css .fc-form.fc-form-1 .form-element .field-cover .time-fields-cover,\n\t\t\t.formcraft-css .fc-form.fc-form-1 .form-element .field-cover .awesomplete ul\n\t\t\t{\n\t\t\t\tcolor: #777;\n\t\t\t}\n\t\t\t.formcraft-css .fc-form.fc-form-1 .form-element .field-cover input[type=\"text\"],\n\t\t\t.formcraft-css .fc-form.fc-form-1 .form-element .field-cover input[type=\"password\"],\n\t\t\t.formcraft-css .fc-form.fc-form-1 .form-element .field-cover input[type=\"email\"],\n\t\t\t.formcraft-css .fc-form.fc-form-1 .form-element .field-cover input[type=\"radio\"],\n\t\t\t.formcraft-css .fc-form.fc-form-1 .form-element .field-cover input[type=\"checkbox\"],\n\t\t\t.formcraft-css .fc-form.fc-form-1 .form-element .field-cover input[type=\"tel\"],\n\t\t\t.formcraft-css .fc-form.fc-form-1 .form-element .field-cover select,\n\t\t\t.formcraft-css .fc-form.fc-form-1 .form-element .field-cover textarea\n\t\t\t{\n\t\t\t\tbackground-color: #fafafa;\n\t\t\t}\n\t\t\t.formcraft-css .fc-form.fc-form-1 .form-element .field-cover input[type=\"radio\"]:checked,\n\t\t\t.formcraft-css .fc-form.fc-form-1 .form-element .field-cover input[type=\"checkbox\"]:checked {\n\t\t\t\tborder-color: #c3a176;\n\t\t\t\tbackground: #deb887;\t\t\t\t\n\t\t\t}\n\t\t\t.formcraft-css .fc-form.fc-form-1 .form-element .star-cover label .star\n\t\t\t{\n\t\t\t\ttext-shadow: 0px 1px 0px #c3a176;\n\t\t\t}\n\t\t\t.formcraft-css .fc-form.fc-form-1 .form-element .slider-cover .ui-slider-range\n\t\t\t{\n\t\t\t\tbox-shadow: 0px 1px 1px #c3a176 inset;\n\t\t\t}\n\t\t\t.formcraft-css .fc-form.fc-form-1 .form-element .fileupload-cover .button-file\n\t\t\t{\n\t\t\t\tborder-color: #c3a176;\n\t\t\t}\n\t\t\t.formcraft-css .fc-form.fc-form-1 .form-element .form-element-html input[type=\"password\"]:focus,\n\t\t\t.formcraft-css .fc-form.fc-form-1 .form-element .form-element-html input[type=\"email\"]:focus,\n\t\t\t.formcraft-css .fc-form.fc-form-1 .form-element .form-element-html input[type=\"tel\"]:focus,\n\t\t\t.formcraft-css .fc-form.fc-form-1 .form-element .form-element-html input[type=\"text\"]:focus,\n\t\t\t.formcraft-css .fc-form.fc-form-1 .form-element .form-element-html textarea:focus,\n\t\t\t.formcraft-css .fc-form.fc-form-1 .form-element .form-element-html select:focus\n\t\t\t{\n\t\t\t\tborder-color: #deb887;\n\t\t\t}\n\t\t\t.formcraft-css .fc-form.fc-form-1 .form-element .form-element-html .field-cover .is-read-only:focus {\n\t\t\t\tborder-color: #ccc;\n\t\t\t}\n\t\t\t.formcraft-css .fc-form.fc-form-1\t\t\t{\n\t\t\t\tfont-family: inherit;\n\t\t\t}\n\t\t\t@media (max-width : 480px) {\n\t\t\t\thtml .dedicated-page,\n\t\t\t\thtml .dedicated-page .formcraft-css .fc-pagination > div.active\n\t\t\t\t{\n\t\t\t\t\tbackground: none;\n\t\t\t\t}\n\t\t\t}\n\t\t<\/style>\n\t\t<div class=\"form-cover\">\n\t\t\t<form data-auto-scroll=\"\" data-no-message-redirect=\"\" data-thousand=\"\" data-decimal=\".\" data-delay=\"\" data-id=\"1\" class=\"fc-form fc-form-1 align- fc-temp-class save-form- dont-submit-hidden- icons-hide- disable-enter- label-placeholder field-border-visible frame-hidden remove-asterisk-true field-alignment-left\" style=\"width: ; color: #666666; font-size: 100%; background: none\" action=\"\">\n\t\t\t\t<!-- ngRepeat: page in Builder.FormElements track by $index --><div class=\"form-page form-page-0\" data-index=\"0\">\n\t\t\t\t\t\n\t\t\t\t\t<div class=\"form-page-content      ng-not-empty\">\n\t\t\t\t\t\t<div data-identifier=\"field2\" data-index=\"0\" style=\"width: 50%\" class=\"form-element form-element-field2 options-false form-element-0 default-false form-element-type-oneLineText is-required-true odd -handle\">\n\t\t\t\t\t\t\t<div class=\"form-element-html\"><div ><label class=\"oneLineText-cover field-cover\"><span class=\"sub-label-true\"><span class=\"main-label\"><span >Name<\/span><\/span><span class=\"sub-label\"><span >your full name<\/span><\/span><\/span><div><span class=\"error\"><\/span><input type=\"text\" placeholder=\"Name\" make-read-only=\"false\" data-field-id=\"field2\" name=\"field2[]\" data-min-char=\"\" data-max-char=\"\" data-val-type=\"\" data-regexp=\"\" data-is-required=\"true\" data-allow-spaces=\"true\" class=\"validation-lenient\" data-placement=\"right\" data-toggle=\"tooltip\" tooltip=\"\" data-trigger=\"focus\" data-html=\"true\" data-input-mask=\"\" data-mask-placeholder=\"\" data-original-title=\"\"><i class=\"formcraft-icon formcraft-icon-type-person\">person<\/i><\/div><\/label><\/div><\/div>\n\t\t\t\t\t\t\t\n\t\t\t\t\t\t<\/div><div data-identifier=\"field5\" data-index=\"1\" style=\"width: 50%\" class=\"even form-element form-element-field5 options-false form-element-1 default-false form-element-type-oneLineText is-required-true -handle\">\n\t\t\t\t\t\t\t<div class=\"form-element-html\"><div ><label class=\"oneLineText-cover field-cover\"><span class=\"sub-label-true\"><span class=\"main-label\"><span >WhatsApp<\/span><\/span><span class=\"sub-label\"><span >your full name<\/span><\/span><\/span><div><span class=\"error\"><\/span><input type=\"text\" placeholder=\"WhatsApp\" make-read-only=\"false\" data-field-id=\"field5\" name=\"field5[]\" data-min-char=\"\" data-max-char=\"\" data-val-type=\"\" data-regexp=\"\" data-is-required=\"true\" data-allow-spaces=\"true\" class=\"validation-lenient\" data-placement=\"right\" data-toggle=\"tooltip\" tooltip=\"\" data-trigger=\"focus\" data-html=\"true\" data-input-mask=\"\" data-mask-placeholder=\"\" data-original-title=\"\"><i class=\"formcraft-icon formcraft-icon-type-phone_android\">phone_android<\/i><\/div><\/label><\/div><\/div>\n\t\t\t\t\t\t\t\n\t\t\t\t\t\t<\/div><div data-identifier=\"field3\" data-index=\"2\" style=\"width: 100%\" class=\"form-element form-element-field3 options-false form-element-2 default-false form-element-type-textarea is-required-true odd -handle\">\n\t\t\t\t\t\t\t<div class=\"form-element-html\"><div ><label class=\"textarea-cover field-cover\"><span class=\"sub-label-true\"><span class=\"main-label\"><span >Questions or comments...<\/span><\/span><span class=\"sub-label\"><span >more details<\/span><\/span><\/span><div><span class=\"error\"><\/span><textarea data-field-id=\"field3\" placeholder=\"Questions or comments...\" class=\"validation-lenient\" name=\"field3\" value=\"\" rows=\"2\" data-min-char=\"\" data-max-char=\"\" data-is-required=\"true\" data-placement=\"right\" data-toggle=\"tooltip\" tooltip=\"\" data-trigger=\"focus\" data-html=\"true\" data-original-title=\"\" style=\"min-height: 56.1953px\"><\/textarea><div class=\"count-\"><span class=\"current-count\">0<\/span> \/ <span class=\"max-count\"><\/span><\/div><\/div><\/label><\/div><\/div>\n\t\t\t\t\t\t\t\n\t\t\t\t\t\t<\/div><div data-identifier=\"field6\" data-index=\"3\" style=\"width: 100%; position: relative; z-index: 101; left: 0px; top: 0px\" class=\"form-element form-element-field6 default-false form-element-type-checkbox is-required-false -handle even form-element-3 options-false\">\n\t\t\t\t\t\t\t<div class=\"form-element-html\"><div ><div class=\"images- checkbox-cover field-cover\"><span class=\"sub-label-false\"><span class=\"main-label\"><\/span><span class=\"sub-label\"><\/span><\/span><div data-placement=\"right\" data-toggle=\"tooltip\" tooltip=\"\" data-trigger=\"hover\" data-html=\"true\" data-original-title=\"\"><span class=\"error\"><\/span><label style=\"width:\" ><img alt=\"\"><input data-field-id=\"field6\" type=\"checkbox\" data-is-required=\"false\" name=\"field6[]\" value=\"Conozco y acepto el &lt;a href=&quot;https:\/\/hnoite.com\/aviso-de-privacidad\/&quot; target=&quot;_blank&quot;&gt;Aviso de privacidad&lt;\/a&gt;.\" class=\"validation-lenient\"><span><span >I know and accept the <\/span><a href=\"https:\/\/hnoite.com\/en\/aviso-de-privacidad\/\" target=\"_blank\" >Privacy Notice<\/a><span >.<\/span><\/span><\/label><\/div><\/div><\/div><\/div>\n\t\t\t\t\t\t\t\n\t\t\t\t\t\t<\/div><div data-identifier=\"field4\" data-index=\"4\" style=\"width: 100%\" class=\"form-element form-element-field4 options-false default-false form-element-type-submit is-required-false -handle odd form-element-4\">\n\t\t\t\t\t\t\t<div class=\"form-element-html\"><div ><div class=\"align-right wide-false submit-cover field-cover\"><button type=\"submit\" class=\"button submit-button\"><span class=\"text\">SEND<\/span><span class=\"spin-cover\"><i style=\"color:\" class=\"loading-icon icon-cog animate-spin\"><\/i><\/span><\/button><\/div><div class=\"submit-response\"><\/div><label ><input type=\"text\" class=\"required_field\" name=\"website\" autocomplete=\"maple-syrup-pot\"><\/label><\/div><\/div>\n\t\t\t\t\t\t\t\n\t\t\t\t\t\t<\/div>\n\t\t\t\t\t<\/div>\n\t\t\t\t<\/div><!-- end ngRepeat: page in Builder.FormElements track by $index -->\n\t\t\t<input type=\"hidden\" name=\"trp-form-language\" value=\"en\"\/><\/form>\n\t\t\t<div class=\"prev-next prev-next-1\" style=\"width: ; color: #666666; font-size: 100%; background: none\">\n\t\t\t\t<div>\n\t\t\t\t\t\n\t\t\t\t\t<span class=\"inactive page-prev\"><i class=\"formcraft-icon\">keyboard_arrow_left<\/i>Previous<\/span><\/div>\n\t\t\t\t<div>\n\t\t\t\t\t\n\t\t\t\t\t<span class=\"page-next\">Next<i class=\"formcraft-icon\">keyboard_arrow_right<\/i><\/span><\/div>\n\t\t\t<\/div>\n\t\t<\/div><\/div>\n\n\t<div class=\"clearboth\"><\/div>\n<\/div>\n\n\t<\/div>\n<div class=\"vc_empty_space\"   style=\"height: 20px\"><span class=\"vc_empty_space_inner\"><\/span><\/div><\/div><\/div><\/div><div class=\"wpb_column vc_column_container vc_col-sm-6\"><div class=\"vc_column-inner\"><div class=\"wpb_wrapper\">\n\t<div class=\"wpb_raw_code wpb_content_element wpb_raw_html\" >\n\t\t<div class=\"wpb_wrapper\">\n\t\t\t<iframe src=\"https:\/\/www.google.com\/maps\/embed?pb=!1m18!1m12!1m3!1d3722.067112365072!2d-101.64869258777439!3d21.10989038047862!2m3!1f0!2f0!3f0!3m2!1i1024!2i768!4f13.1!3m3!1m2!1s0x842bbf06e5f0b643%3A0xd6b5aaf228c57063!2sHotel%20Noite%20Business%20Class!5e0!3m2!1ses!2smx!4v1741363224598!5m2!1ses!2smx\" width=\"100%\" height=\"515\" style=\"border:0;\" allowfullscreen=\"\" loading=\"lazy\" referrerpolicy=\"no-referrer-when-downgrade\"><\/iframe>\n\t\t<\/div>\n\t<\/div>\n<\/div><\/div><\/div>\t\t\t<\/div>\n\t<\/div>\n<div class=\"vc_empty_space\"   style=\"height: 40px\"><span class=\"vc_empty_space_inner\"><\/span><\/div><\/div>\n\t<\/div>\n<div class=\"vc_row-full-width vc_clearfix\"><\/div>","protected":false},"excerpt":{"rendered":"Nuestra Ubicaci\u00f3n Blvd. Adolfo Lopez Mateos 2114 Colonia Parque Manzanares CP 37510, Le\u00f3n, Guanajuato, M\u00e9xico. recepcionbc@hnoite.com 477 937 8633 \/ 477 937 8634 Cont\u00e1ctanos D\u00e9janos un mensaje, te contactaremos lo m\u00e1s pronto posible. 1 Step 1 Nombreyour full nameperson WhatsAppyour full namephone_android Dudas o comentarios...more details0 \/ Conozco y acepto el Aviso de privacidad. ENVIAR [...]","protected":false},"author":2,"featured_media":0,"parent":0,"menu_order":0,"comment_status":"closed","ping_status":"closed","template":"","meta":{"_coblocks_attr":"","_coblocks_dimensions":"","_coblocks_responsive_height":"","_coblocks_accordion_ie_support":"","footnotes":""},"class_list":["post-398","page","type-page","status-publish","hentry"],"_links":{"self":[{"href":"https:\/\/hnoite.com\/en\/wp-json\/wp\/v2\/pages\/398","targetHints":{"allow":["GET"]}}],"collection":[{"href":"https:\/\/hnoite.com\/en\/wp-json\/wp\/v2\/pages"}],"about":[{"href":"https:\/\/hnoite.com\/en\/wp-json\/wp\/v2\/types\/page"}],"author":[{"embeddable":true,"href":"https:\/\/hnoite.com\/en\/wp-json\/wp\/v2\/users\/2"}],"replies":[{"embeddable":true,"href":"https:\/\/hnoite.com\/en\/wp-json\/wp\/v2\/comments?post=398"}],"version-history":[{"count":24,"href":"https:\/\/hnoite.com\/en\/wp-json\/wp\/v2\/pages\/398\/revisions"}],"predecessor-version":[{"id":930,"href":"https:\/\/hnoite.com\/en\/wp-json\/wp\/v2\/pages\/398\/revisions\/930"}],"wp:attachment":[{"href":"https:\/\/hnoite.com\/en\/wp-json\/wp\/v2\/media?parent=398"}],"curies":[{"name":"wp","href":"https:\/\/api.w.org\/{rel}","templated":true}]}}