{"id":592,"date":"2025-05-19T16:03:47","date_gmt":"2025-05-19T22:03:47","guid":{"rendered":"https:\/\/hnoite.com\/?page_id=592"},"modified":"2025-06-23T14:05:16","modified_gmt":"2025-06-23T20:05:16","slug":"master-suite","status":"publish","type":"page","link":"https:\/\/hnoite.com\/en\/master-suite\/","title":{"rendered":"Master Suite"},"content":{"rendered":"<div  data-mk-full-width=\"true\" data-mk-full-width-init=\"false\" data-mk-stretch-content=\"true\" class=\"wpb_row vc_row vc_row-fluid jupiter-donut- mk-fullwidth-true add-padding-0 attched-true    vc_custom_1747692280266  js-master-row  mk-full-content-true\">\n\t\t\t\t\n<div class=\"vc_col-sm-12 wpb_column column_container vc_custom_1747691238528 jupiter-donut- _ jupiter-donut-height-full\">\n\t<div class=\"vc_empty_space\"   style=\"height: 350px\"><span class=\"vc_empty_space_inner\"><\/span><\/div>\n\n<div class=\"wpb_row vc_inner vc_row vc_row-fluid jupiter-donut-  add-padding-1 attched-true\">\n\t\t\t<div class=\"wpb_column vc_column_container vc_col-sm-4\"><div class=\"vc_column-inner\"><div class=\"wpb_wrapper\">\t<div class=\"vc_custom_1747692224483\">\n\n<div id=\"text-block-2\" class=\"mk-text-block  jupiter-donut-\">\n\n\t\n\t<h1><span style=\"color: #fff;\">MASTER SUITE<\/span><\/h1>\n\n\t<div class=\"clearboth\"><\/div>\n<\/div>\n\n\t<\/div>\n<\/div><\/div><\/div><div class=\"wpb_column vc_column_container vc_col-sm-4\"><div class=\"vc_column-inner\"><div class=\"wpb_wrapper\"><\/div><\/div><\/div><div class=\"wpb_column vc_column_container vc_col-sm-4\"><div class=\"vc_column-inner\"><div class=\"wpb_wrapper\"><\/div><\/div><\/div>\t<\/div>\n<div class=\"vc_empty_space\"   style=\"height: 50px\"><span class=\"vc_empty_space_inner\"><\/span><\/div><\/div>\n\t<\/div>\n<div class=\"vc_row-full-width vc_clearfix\"><\/div>\n<div  data-mk-full-width=\"true\" data-mk-full-width-init=\"false\" data-mk-stretch-content=\"true\" class=\"wpb_row vc_row vc_row-fluid jupiter-donut- mk-fullwidth-true add-padding-0 attched-true    vc_custom_1747691397695  js-master-row  mk-full-content-true\">\n\t\t\t\t\n<div class=\"vc_col-sm-12 wpb_column column_container  jupiter-donut- _ jupiter-donut-height-full\">\n\t<div class=\"vc_empty_space\"   style=\"height: 50px\"><span class=\"vc_empty_space_inner\"><\/span><\/div><div class=\"vc_separator wpb_content_element vc_separator_align_center vc_sep_width_50 vc_sep_border_width_2 vc_sep_pos_align_center vc_separator_no_text\" ><span class=\"vc_sep_holder vc_sep_holder_l\"><span  style=\"border-color:#d2ad72;\" class=\"vc_sep_line\"><\/span><\/span><span class=\"vc_sep_holder vc_sep_holder_r\"><span  style=\"border-color:#d2ad72;\" class=\"vc_sep_line\"><\/span><\/span>\n<\/div>\n\n<div class=\"wpb_row vc_inner vc_row vc_row-fluid jupiter-donut-  add-padding-1 attched-true\">\n\t\t\t<div class=\"wpb_column vc_column_container vc_col-sm-2\"><div class=\"vc_column-inner\"><div class=\"wpb_wrapper\"><\/div><\/div><\/div><div class=\"wpb_column vc_column_container vc_col-sm-8\"><div class=\"vc_column-inner\"><div class=\"wpb_wrapper\">\t<div class=\"vc_custom_1747952938961\">\n\n<div id=\"text-block-4\" class=\"mk-text-block  jupiter-donut-\">\n\n\t\n\t<p style=\"text-align: center;\"><span style=\"color: #23395a;\">Enjoy ultimate luxury in our Master Suite, where every space is designed to offer you privacy, style, and an unparalleled level of comfort.<br \/>\n<\/span><\/p>\n\n\t<div class=\"clearboth\"><\/div>\n<\/div>\n\n\t<\/div>\n<\/div><\/div><\/div><div class=\"wpb_column vc_column_container vc_col-sm-2\"><div class=\"vc_column-inner\"><div class=\"wpb_wrapper\"><\/div><\/div><\/div>\t<\/div>\n<div class=\"vc_separator wpb_content_element vc_separator_align_center vc_sep_width_50 vc_sep_border_width_2 vc_sep_pos_align_center vc_separator_no_text\" ><span class=\"vc_sep_holder vc_sep_holder_l\"><span  style=\"border-color:#d2ad72;\" class=\"vc_sep_line\"><\/span><\/span><span class=\"vc_sep_holder vc_sep_holder_r\"><span  style=\"border-color:#d2ad72;\" class=\"vc_sep_line\"><\/span><\/span>\n<\/div><div class=\"vc_empty_space\"   style=\"height: 20px\"><span class=\"vc_empty_space_inner\"><\/span><\/div><\/div>\n\t<\/div>\n<div class=\"vc_row-full-width vc_clearfix\"><\/div>\n<div  data-mk-full-width=\"true\" data-mk-full-width-init=\"false\" data-mk-stretch-content=\"true\" class=\"wpb_row vc_row vc_row-fluid jupiter-donut- mk-fullwidth-true add-padding-0 attched-true     js-master-row  mk-full-content-true\">\n\t\t\t\t\n<div class=\"vc_col-sm-12 wpb_column column_container  jupiter-donut- _ jupiter-donut-height-full\">\n\t\n\n<div class=\"wpb_row vc_inner vc_row vc_row-fluid jupiter-donut-  add-padding-1 attched-true\">\n\t\t\t<div class=\"wpb_column vc_column_container vc_col-sm-12\"><div class=\"vc_column-inner\"><div class=\"wpb_wrapper\">\n\t\t\t\t<p class=\"rs-p-wp-fix\"><\/p>\n\t\t\t\t<sr7-module data-alias=\"slider-nosotros-1\" data-id=\"8\" id=\"SR7_8_1\" class=\"rs-ov-hidden\" data-version=\"6.7.28\">\n\t\t\t\t\t<sr7-adjuster><\/sr7-adjuster>\n\t\t\t\t\t<sr7-content>\n\t\t\t\t\t\t<sr7-slide id=\"SR7_8_1-60\" data-key=\"60\">\n\t\t\t\t\t\t\t<sr7-bg id=\"SR7_8_1-60-1\" class=\"sr7-layer\"><noscript><img decoding=\"async\" src=\"https:\/\/hnoite.com\/wp-content\/uploads\/2025\/04\/master_suite_ds20295.jpg\" alt=\"\" title=\"master_suite_ds20295\"><\/noscript><\/sr7-bg>\n\t\t\t\t\t\t<\/sr7-slide>\n\t\t\t\t\t\t<sr7-slide id=\"SR7_8_1-62\" data-key=\"62\">\n\t\t\t\t\t\t\t<sr7-bg id=\"SR7_8_1-62-1\" class=\"sr7-layer\"><noscript><img decoding=\"async\" src=\"https:\/\/hnoite.com\/wp-content\/uploads\/2025\/04\/master_suite_ds20302.jpg\" alt=\"\" title=\"master_suite_ds20302\"><\/noscript><\/sr7-bg>\n\t\t\t\t\t\t<\/sr7-slide>\n\t\t\t\t\t\t<sr7-slide id=\"SR7_8_1-65\" data-key=\"65\">\n\t\t\t\t\t\t\t<sr7-bg id=\"SR7_8_1-65-1\" class=\"sr7-layer\"><noscript><img decoding=\"async\" src=\"https:\/\/hnoite.com\/wp-content\/uploads\/2025\/04\/master_suite_ds20310.jpg\" alt=\"\" title=\"master_suite_ds20310\"><\/noscript><\/sr7-bg>\n\t\t\t\t\t\t<\/sr7-slide>\n\t\t\t\t\t\t<sr7-slide id=\"SR7_8_1-66\" data-key=\"66\">\n\t\t\t\t\t\t\t<sr7-bg id=\"SR7_8_1-66-1\" class=\"sr7-layer\"><noscript><img decoding=\"async\" src=\"https:\/\/hnoite.com\/wp-content\/uploads\/2025\/04\/master_suite_ds20314.jpg\" alt=\"\" title=\"master_suite_ds20314\"><\/noscript><\/sr7-bg>\n\t\t\t\t\t\t<\/sr7-slide>\n\t\t\t\t\t\t<sr7-slide id=\"SR7_8_1-61\" data-key=\"61\">\n\t\t\t\t\t\t<\/sr7-slide>\n\t\t\t\t\t<\/sr7-content>\n\t\t\t\t\t<image_lists style=\"display:none\">\n\t\t\t\t\t\t<img data-src=\"\/\/hnoite.com\/wp-content\/uploads\/2025\/04\/master_suite_ds20295.jpg\" data-libid=\"428\" data-lib=\"medialibrary\" title=\"master_suite_ds20295\" width=\"0\" height=\"0\" data-dbsrc=\"Ly9obm9pdGUuY29tL3dwLWNvbnRlbnQvdXBsb2Fkcy8yMDI1LzA0L21hc3Rlcl9zdWl0ZV9kczIwMjk1LmpwZw==\"\/>\n\t\t\t\t\t\t<img data-src=\"\/\/hnoite.com\/wp-content\/uploads\/2025\/04\/master_suite_ds20302.jpg\" data-libid=\"427\" data-lib=\"medialibrary\" title=\"master_suite_ds20302\" width=\"0\" height=\"0\" data-dbsrc=\"Ly9obm9pdGUuY29tL3dwLWNvbnRlbnQvdXBsb2Fkcy8yMDI1LzA0L21hc3Rlcl9zdWl0ZV9kczIwMzAyLmpwZw==\"\/>\n\t\t\t\t\t\t<img data-src=\"\/\/hnoite.com\/wp-content\/uploads\/2025\/04\/master_suite_ds20310.jpg\" data-libid=\"423\" data-lib=\"medialibrary\" title=\"master_suite_ds20310\" width=\"0\" height=\"0\" data-dbsrc=\"Ly9obm9pdGUuY29tL3dwLWNvbnRlbnQvdXBsb2Fkcy8yMDI1LzA0L21hc3Rlcl9zdWl0ZV9kczIwMzEwLmpwZw==\"\/>\n\t\t\t\t\t\t<img data-src=\"\/\/hnoite.com\/wp-content\/uploads\/2025\/04\/master_suite_ds20314.jpg\" data-libid=\"422\" data-lib=\"medialibrary\" title=\"master_suite_ds20314\" width=\"0\" height=\"0\" data-dbsrc=\"Ly9obm9pdGUuY29tL3dwLWNvbnRlbnQvdXBsb2Fkcy8yMDI1LzA0L21hc3Rlcl9zdWl0ZV9kczIwMzE0LmpwZw==\"\/>\n\t\t\t\t\t<\/image_lists>\n\t\t\t\t<\/sr7-module>\n\t\t\t\t<script>\n\t\t\t\t\tSR7.PMH ??={}; SR7.PMH[\"SR7_8_1\"] = {cn:100,state:false,fn: function() { if (_tpt!==undefined && _tpt.prepareModuleHeight !== undefined) {  _tpt.prepareModuleHeight({id:\"SR7_8_1\",el:[550,550,550,550,320],type:'standard',shdw:'0',gh:[550,550,550,550,320],gw:[1240,1240,1240,1240,480],vpt:['-100px&#039;,&#039;-100px&#039;,&#039;-100px&#039;,&#039;-100px&#039;,&#039;-100px'],size:{fullWidth:false, fullHeight:false},mh:'0',onh:0,onw:0,bg:{color:'{\"orig\":\"transparent\",\"type\":\"solid\",\"string\":\"transparent\"}'}});   SR7.PMH[\"SR7_8_1\"].state=true;} else if(SR7.PMH[\"SR7_8_1\"].cn-->0)\tsetTimeout( SR7.PMH[\"SR7_8_1\"].fn,19);}};SR7.PMH[\"SR7_8_1\" ].fn();\n\t\t\t\t<\/script>\n<\/div><\/div><\/div>\t<\/div>\n<\/div>\n\t<\/div>\n<div class=\"vc_row-full-width vc_clearfix\"><\/div>\n<div  data-mk-full-width=\"true\" data-mk-full-width-init=\"false\" data-mk-stretch-content=\"true\" class=\"wpb_row vc_row vc_row-fluid jupiter-donut- mk-fullwidth-true add-padding-0 attched-true    vc_custom_1747691397695  js-master-row  mk-full-content-true\">\n\t\t\t\t\n<div class=\"vc_col-sm-12 wpb_column column_container  jupiter-donut- _ jupiter-donut-height-full\">\n\t<div class=\"vc_empty_space\"   style=\"height: 30px\"><span class=\"vc_empty_space_inner\"><\/span><\/div><div class=\"vc_separator wpb_content_element vc_separator_align_center vc_sep_width_50 vc_sep_border_width_2 vc_sep_pos_align_center vc_separator_no_text\" ><span class=\"vc_sep_holder vc_sep_holder_l\"><span  style=\"border-color:#d2ad72;\" class=\"vc_sep_line\"><\/span><\/span><span class=\"vc_sep_holder vc_sep_holder_r\"><span  style=\"border-color:#d2ad72;\" class=\"vc_sep_line\"><\/span><\/span>\n<\/div>\n\n<div class=\"wpb_row vc_inner vc_row vc_row-fluid jupiter-donut-  add-padding-1 attched-true\">\n\t\t\t<div class=\"wpb_column vc_column_container vc_col-sm-6 vc_hidden-lg vc_hidden-md vc_hidden-sm\"><div class=\"vc_column-inner\"><div class=\"wpb_wrapper\"><div class=\"vc_empty_space\"   style=\"height: 50px\"><span class=\"vc_empty_space_inner\"><\/span><\/div>\t<div class=\"vc_custom_1750699986311\">\n\n<div id=\"text-block-7\" class=\"mk-text-block  jupiter-donut-\">\n\n\t\n\t<h3>AMENITIES<\/h3>\n\n\t<div class=\"clearboth\"><\/div>\n<\/div>\n\n\t<\/div>\n<div class=\"vc_separator wpb_content_element vc_separator_align_center vc_sep_width_50 vc_sep_border_width_2 vc_sep_pos_align_left vc_separator_no_text vc_custom_1747694986574  vc_custom_1747694986574\" ><span class=\"vc_sep_holder vc_sep_holder_l\"><span  style=\"border-color:#d2ad72;\" class=\"vc_sep_line\"><\/span><\/span><span class=\"vc_sep_holder vc_sep_holder_r\"><span  style=\"border-color:#d2ad72;\" class=\"vc_sep_line\"><\/span><\/span>\n<\/div>\n\t\t\t\t<p class=\"rs-p-wp-fix\"><\/p>\n\t\t\t\t<sr7-module data-alias=\"ms-cmddds-mobil-master-suite\" data-id=\"18\" id=\"SR7_18_2\" class=\"rs-ov-hidden\" data-version=\"6.7.28\">\n\t\t\t\t\t<sr7-adjuster><\/sr7-adjuster>\n\t\t\t\t\t<sr7-content>\n\t\t\t\t\t\t<sr7-carousel>\n\t\t\t\t\t\t<sr7-slide id=\"SR7_18_2-128\" data-key=\"128\">\n\t\t\t\t\t\t<\/sr7-slide>\n\t\t\t\t\t\t<sr7-slide id=\"SR7_18_2-129\" data-key=\"129\">\n\t\t\t\t\t\t<\/sr7-slide>\n\t\t\t\t\t\t<sr7-slide id=\"SR7_18_2-130\" data-key=\"130\">\n\t\t\t\t\t\t<\/sr7-slide>\n\t\t\t\t\t\t<sr7-slide id=\"SR7_18_2-173\" data-key=\"173\">\n\t\t\t\t\t\t<\/sr7-slide>\n\t\t\t\t\t\t<sr7-slide id=\"SR7_18_2-132\" data-key=\"132\">\n\t\t\t\t\t\t<\/sr7-slide>\n\t\t\t\t\t\t<\/sr7-carousel>\n\t\t\t\t\t<\/sr7-content>\n\t\t\t\t\t<image_lists style=\"display:none\">\n\t\t\t\t\t\t<img data-src=\"\/\/hnoite.com\/wp-content\/uploads\/2025\/06\/iconosweb_nuevo_noite01.png\" data-libid=\"849\" data-lib=\"medialibrary\" title=\"iconosweb_nuevo_noite01\" width=\"0\" height=\"0\" data-dbsrc=\"Ly9obm9pdGUuY29tL3dwLWNvbnRlbnQvdXBsb2Fkcy8yMDI1LzA2L2ljb25vc3dlYl9udWV2b19ub2l0ZTAxLnBuZw==\"\/>\n\t\t\t\t\t\t<img data-src=\"\/\/hnoite.com\/wp-content\/uploads\/2025\/06\/iconosweb_nuevo_noite02.png\" data-libid=\"848\" data-lib=\"medialibrary\" title=\"iconosweb_nuevo_noite02\" width=\"0\" height=\"0\" data-dbsrc=\"Ly9obm9pdGUuY29tL3dwLWNvbnRlbnQvdXBsb2Fkcy8yMDI1LzA2L2ljb25vc3dlYl9udWV2b19ub2l0ZTAyLnBuZw==\"\/>\n\t\t\t\t\t\t<img data-src=\"\/\/hnoite.com\/wp-content\/uploads\/2025\/06\/iconosweb_nuevo_noite03.png\" data-libid=\"847\" data-lib=\"medialibrary\" title=\"iconosweb_nuevo_noite03\" width=\"0\" height=\"0\" data-dbsrc=\"Ly9obm9pdGUuY29tL3dwLWNvbnRlbnQvdXBsb2Fkcy8yMDI1LzA2L2ljb25vc3dlYl9udWV2b19ub2l0ZTAzLnBuZw==\"\/>\n\t\t\t\t\t\t<img data-src=\"\/\/hnoite.com\/wp-content\/uploads\/2025\/06\/iconosweb_nuevo_noite04.png\" data-libid=\"846\" data-lib=\"medialibrary\" title=\"iconosweb_nuevo_noite04\" width=\"0\" height=\"0\" data-dbsrc=\"Ly9obm9pdGUuY29tL3dwLWNvbnRlbnQvdXBsb2Fkcy8yMDI1LzA2L2ljb25vc3dlYl9udWV2b19ub2l0ZTA0LnBuZw==\"\/>\n\t\t\t\t\t\t<img data-src=\"\/\/hnoite.com\/wp-content\/uploads\/2025\/06\/iconosweb_nuevo_noite05.png\" data-libid=\"845\" data-lib=\"medialibrary\" title=\"iconosweb_nuevo_noite05\" width=\"0\" height=\"0\" data-dbsrc=\"Ly9obm9pdGUuY29tL3dwLWNvbnRlbnQvdXBsb2Fkcy8yMDI1LzA2L2ljb25vc3dlYl9udWV2b19ub2l0ZTA1LnBuZw==\"\/>\n\t\t\t\t\t\t<img data-src=\"\/\/hnoite.com\/wp-content\/uploads\/2025\/06\/iconosweb_nuevo_noite06.png\" data-libid=\"844\" data-lib=\"medialibrary\" title=\"iconosweb_nuevo_noite06\" width=\"0\" height=\"0\" data-dbsrc=\"Ly9obm9pdGUuY29tL3dwLWNvbnRlbnQvdXBsb2Fkcy8yMDI1LzA2L2ljb25vc3dlYl9udWV2b19ub2l0ZTA2LnBuZw==\"\/>\n\t\t\t\t\t\t<img data-src=\"\/\/hnoite.com\/wp-content\/uploads\/2025\/06\/iconosweb_nuevo_noite07.png\" data-libid=\"843\" data-lib=\"medialibrary\" title=\"iconosweb_nuevo_noite07\" width=\"0\" height=\"0\" data-dbsrc=\"Ly9obm9pdGUuY29tL3dwLWNvbnRlbnQvdXBsb2Fkcy8yMDI1LzA2L2ljb25vc3dlYl9udWV2b19ub2l0ZTA3LnBuZw==\"\/>\n\t\t\t\t\t\t<img data-src=\"\/\/hnoite.com\/wp-content\/uploads\/2025\/06\/iconosweb_nuevo_noite08.png\" data-libid=\"842\" data-lib=\"medialibrary\" title=\"iconosweb_nuevo_noite08\" width=\"0\" height=\"0\" data-dbsrc=\"Ly9obm9pdGUuY29tL3dwLWNvbnRlbnQvdXBsb2Fkcy8yMDI1LzA2L2ljb25vc3dlYl9udWV2b19ub2l0ZTA4LnBuZw==\"\/>\n\t\t\t\t\t\t<img data-src=\"\/\/hnoite.com\/wp-content\/uploads\/2025\/06\/iconosweb_nuevo_noite12.png\" data-libid=\"869\" data-lib=\"medialibrary\" title=\"iconosweb_nuevo_noite12\" width=\"0\" height=\"0\" data-dbsrc=\"Ly9obm9pdGUuY29tL3dwLWNvbnRlbnQvdXBsb2Fkcy8yMDI1LzA2L2ljb25vc3dlYl9udWV2b19ub2l0ZTEyLnBuZw==\"\/>\n\t\t\t\t\t\t<img data-src=\"\/\/hnoite.com\/wp-content\/uploads\/2025\/06\/iconosweb_nuevo_noite09.png\" data-libid=\"841\" data-lib=\"medialibrary\" title=\"iconosweb_nuevo_noite09\" width=\"0\" height=\"0\" data-dbsrc=\"Ly9obm9pdGUuY29tL3dwLWNvbnRlbnQvdXBsb2Fkcy8yMDI1LzA2L2ljb25vc3dlYl9udWV2b19ub2l0ZTA5LnBuZw==\"\/>\n\t\t\t\t\t\t<img data-src=\"\/\/hnoite.com\/wp-content\/uploads\/2025\/06\/iconosweb_nuevo_noite10.png\" data-libid=\"840\" data-lib=\"medialibrary\" title=\"iconosweb_nuevo_noite10\" width=\"0\" height=\"0\" data-dbsrc=\"Ly9obm9pdGUuY29tL3dwLWNvbnRlbnQvdXBsb2Fkcy8yMDI1LzA2L2ljb25vc3dlYl9udWV2b19ub2l0ZTEwLnBuZw==\"\/>\n\t\t\t\t\t\t<img data-src=\"\/\/hnoite.com\/wp-content\/uploads\/2025\/06\/iconosweb_nuevo_noite11.png\" data-libid=\"839\" data-lib=\"medialibrary\" title=\"iconosweb_nuevo_noite11\" width=\"0\" height=\"0\" data-dbsrc=\"Ly9obm9pdGUuY29tL3dwLWNvbnRlbnQvdXBsb2Fkcy8yMDI1LzA2L2ljb25vc3dlYl9udWV2b19ub2l0ZTExLnBuZw==\"\/>\n\t\t\t\t\t\t<img data-src=\"\/\/hnoite.com\/wp-content\/uploads\/2025\/06\/iconosweb_nuevo_noite1kingsize.png\" data-libid=\"875\" data-lib=\"medialibrary\" title=\"iconosweb_nuevo_noite1kingsize\" width=\"0\" height=\"0\" data-dbsrc=\"Ly9obm9pdGUuY29tL3dwLWNvbnRlbnQvdXBsb2Fkcy8yMDI1LzA2L2ljb25vc3dlYl9udWV2b19ub2l0ZTFraW5nc2l6ZS5wbmc=\"\/>\n\t\t\t\t\t<\/image_lists>\n\t\t\t\t<\/sr7-module>\n\t\t\t\t<script>\n\t\t\t\t\tSR7.PMH ??={}; SR7.PMH[\"SR7_18_2\"] = {cn:100,state:false,fn: function() { if (_tpt!==undefined && _tpt.prepareModuleHeight !== undefined) {  _tpt.prepareModuleHeight({id:\"SR7_18_2\",el:[500,500,500,500,420],type:'carousel',shdw:'0',gh:[500,500,500,500,420],gw:[900,900,900,900,420],vpt:['-100px&#039;,&#039;-100px&#039;,&#039;-100px&#039;,&#039;-100px&#039;,&#039;-100px'],size:{fullWidth:false, fullHeight:false},mh:'0',onh:0,onw:0,bg:{color:'{\"orig\":\"transparent\",\"type\":\"solid\",\"string\":\"transparent\"}'},carousel:{pt:'0',pb:'0'}});   SR7.PMH[\"SR7_18_2\"].state=true;} else if(SR7.PMH[\"SR7_18_2\"].cn-->0)\tsetTimeout( SR7.PMH[\"SR7_18_2\"].fn,19);}};SR7.PMH[\"SR7_18_2\" ].fn();\n\t\t\t\t<\/script>\n<div class=\"vc_empty_space\"   style=\"height: 50px\"><span class=\"vc_empty_space_inner\"><\/span><\/div><\/div><\/div><\/div>\t<\/div>\n\n\n<div class=\"wpb_row vc_inner vc_row vc_row-fluid jupiter-donut-  add-padding-1 attched-true\">\n\t\t\t<div class=\"wpb_column vc_column_container vc_col-sm-6 vc_hidden-xs\"><div class=\"vc_column-inner\"><div class=\"wpb_wrapper\"><div class=\"vc_empty_space\"   style=\"height: 50px\"><span class=\"vc_empty_space_inner\"><\/span><\/div>\t<div class=\"vc_custom_1750699990192\">\n\n<div id=\"text-block-8\" class=\"mk-text-block  jupiter-donut-\">\n\n\t\n\t<h3>AMENITIES<\/h3>\n\n\t<div class=\"clearboth\"><\/div>\n<\/div>\n\n\t<\/div>\n<div class=\"vc_separator wpb_content_element vc_separator_align_center vc_sep_width_50 vc_sep_border_width_2 vc_sep_pos_align_left vc_separator_no_text vc_custom_1747694986574  vc_custom_1747694986574\" ><span class=\"vc_sep_holder vc_sep_holder_l\"><span  style=\"border-color:#d2ad72;\" class=\"vc_sep_line\"><\/span><\/span><span class=\"vc_sep_holder vc_sep_holder_r\"><span  style=\"border-color:#d2ad72;\" class=\"vc_sep_line\"><\/span><\/span>\n<\/div>\n\t\t\t\t<p class=\"rs-p-wp-fix\"><\/p>\n\t\t\t\t<sr7-module data-alias=\"ms-cmddds-master-suite\" data-id=\"17\" id=\"SR7_17_3\" class=\"rs-ov-hidden\" data-version=\"6.7.28\">\n\t\t\t\t\t<sr7-adjuster><\/sr7-adjuster>\n\t\t\t\t\t<sr7-content>\n\t\t\t\t\t\t<sr7-carousel>\n\t\t\t\t\t\t<sr7-slide id=\"SR7_17_3-126\" data-key=\"126\">\n\t\t\t\t\t\t<\/sr7-slide>\n\t\t\t\t\t\t<sr7-slide id=\"SR7_17_3-127\" data-key=\"127\">\n\t\t\t\t\t\t<\/sr7-slide>\n\t\t\t\t\t\t<sr7-slide id=\"SR7_17_3-172\" data-key=\"172\">\n\t\t\t\t\t\t<\/sr7-slide>\n\t\t\t\t\t\t<sr7-slide id=\"SR7_17_3-131\" data-key=\"131\">\n\t\t\t\t\t\t<\/sr7-slide>\n\t\t\t\t\t\t<\/sr7-carousel>\n\t\t\t\t\t<\/sr7-content>\n\t\t\t\t\t<image_lists style=\"display:none\">\n\t\t\t\t\t\t<img data-src=\"\/\/hnoite.com\/wp-content\/uploads\/2025\/06\/iconosweb_nuevo_noite01.png\" data-libid=\"849\" data-lib=\"medialibrary\" title=\"iconosweb_nuevo_noite01\" width=\"0\" height=\"0\" data-dbsrc=\"Ly9obm9pdGUuY29tL3dwLWNvbnRlbnQvdXBsb2Fkcy8yMDI1LzA2L2ljb25vc3dlYl9udWV2b19ub2l0ZTAxLnBuZw==\"\/>\n\t\t\t\t\t\t<img data-src=\"\/\/hnoite.com\/wp-content\/uploads\/2025\/06\/iconosweb_nuevo_noite02.png\" data-libid=\"848\" data-lib=\"medialibrary\" title=\"iconosweb_nuevo_noite02\" width=\"0\" height=\"0\" data-dbsrc=\"Ly9obm9pdGUuY29tL3dwLWNvbnRlbnQvdXBsb2Fkcy8yMDI1LzA2L2ljb25vc3dlYl9udWV2b19ub2l0ZTAyLnBuZw==\"\/>\n\t\t\t\t\t\t<img data-src=\"\/\/hnoite.com\/wp-content\/uploads\/2025\/06\/iconosweb_nuevo_noite03.png\" data-libid=\"847\" data-lib=\"medialibrary\" title=\"iconosweb_nuevo_noite03\" width=\"0\" height=\"0\" data-dbsrc=\"Ly9obm9pdGUuY29tL3dwLWNvbnRlbnQvdXBsb2Fkcy8yMDI1LzA2L2ljb25vc3dlYl9udWV2b19ub2l0ZTAzLnBuZw==\"\/>\n\t\t\t\t\t\t<img data-src=\"\/\/hnoite.com\/wp-content\/uploads\/2025\/06\/iconosweb_nuevo_noite04.png\" data-libid=\"846\" data-lib=\"medialibrary\" title=\"iconosweb_nuevo_noite04\" width=\"0\" height=\"0\" data-dbsrc=\"Ly9obm9pdGUuY29tL3dwLWNvbnRlbnQvdXBsb2Fkcy8yMDI1LzA2L2ljb25vc3dlYl9udWV2b19ub2l0ZTA0LnBuZw==\"\/>\n\t\t\t\t\t\t<img data-src=\"\/\/hnoite.com\/wp-content\/uploads\/2025\/06\/iconosweb_nuevo_noite05.png\" data-libid=\"845\" data-lib=\"medialibrary\" title=\"iconosweb_nuevo_noite05\" width=\"0\" height=\"0\" data-dbsrc=\"Ly9obm9pdGUuY29tL3dwLWNvbnRlbnQvdXBsb2Fkcy8yMDI1LzA2L2ljb25vc3dlYl9udWV2b19ub2l0ZTA1LnBuZw==\"\/>\n\t\t\t\t\t\t<img data-src=\"\/\/hnoite.com\/wp-content\/uploads\/2025\/06\/iconosweb_nuevo_noite06.png\" data-libid=\"844\" data-lib=\"medialibrary\" title=\"iconosweb_nuevo_noite06\" width=\"0\" height=\"0\" data-dbsrc=\"Ly9obm9pdGUuY29tL3dwLWNvbnRlbnQvdXBsb2Fkcy8yMDI1LzA2L2ljb25vc3dlYl9udWV2b19ub2l0ZTA2LnBuZw==\"\/>\n\t\t\t\t\t\t<img data-src=\"\/\/hnoite.com\/wp-content\/uploads\/2025\/06\/iconosweb_nuevo_noite07.png\" data-libid=\"843\" data-lib=\"medialibrary\" title=\"iconosweb_nuevo_noite07\" width=\"0\" height=\"0\" data-dbsrc=\"Ly9obm9pdGUuY29tL3dwLWNvbnRlbnQvdXBsb2Fkcy8yMDI1LzA2L2ljb25vc3dlYl9udWV2b19ub2l0ZTA3LnBuZw==\"\/>\n\t\t\t\t\t\t<img data-src=\"\/\/hnoite.com\/wp-content\/uploads\/2025\/06\/iconosweb_nuevo_noite08.png\" data-libid=\"842\" data-lib=\"medialibrary\" title=\"iconosweb_nuevo_noite08\" width=\"0\" height=\"0\" data-dbsrc=\"Ly9obm9pdGUuY29tL3dwLWNvbnRlbnQvdXBsb2Fkcy8yMDI1LzA2L2ljb25vc3dlYl9udWV2b19ub2l0ZTA4LnBuZw==\"\/>\n\t\t\t\t\t\t<img data-src=\"\/\/hnoite.com\/wp-content\/uploads\/2025\/06\/iconosweb_nuevo_noite09.png\" data-libid=\"841\" data-lib=\"medialibrary\" title=\"iconosweb_nuevo_noite09\" width=\"0\" height=\"0\" data-dbsrc=\"Ly9obm9pdGUuY29tL3dwLWNvbnRlbnQvdXBsb2Fkcy8yMDI1LzA2L2ljb25vc3dlYl9udWV2b19ub2l0ZTA5LnBuZw==\"\/>\n\t\t\t\t\t\t<img data-src=\"\/\/hnoite.com\/wp-content\/uploads\/2025\/06\/iconosweb_nuevo_noite10.png\" data-libid=\"840\" data-lib=\"medialibrary\" title=\"iconosweb_nuevo_noite10\" width=\"0\" height=\"0\" data-dbsrc=\"Ly9obm9pdGUuY29tL3dwLWNvbnRlbnQvdXBsb2Fkcy8yMDI1LzA2L2ljb25vc3dlYl9udWV2b19ub2l0ZTEwLnBuZw==\"\/>\n\t\t\t\t\t\t<img data-src=\"\/\/hnoite.com\/wp-content\/uploads\/2025\/06\/iconosweb_nuevo_noite11.png\" data-libid=\"839\" data-lib=\"medialibrary\" title=\"iconosweb_nuevo_noite11\" width=\"0\" height=\"0\" data-dbsrc=\"Ly9obm9pdGUuY29tL3dwLWNvbnRlbnQvdXBsb2Fkcy8yMDI1LzA2L2ljb25vc3dlYl9udWV2b19ub2l0ZTExLnBuZw==\"\/>\n\t\t\t\t\t\t<img data-src=\"\/\/hnoite.com\/wp-content\/uploads\/2025\/06\/iconosweb_nuevo_noite12.png\" data-libid=\"869\" data-lib=\"medialibrary\" title=\"iconosweb_nuevo_noite12\" width=\"0\" height=\"0\" data-dbsrc=\"Ly9obm9pdGUuY29tL3dwLWNvbnRlbnQvdXBsb2Fkcy8yMDI1LzA2L2ljb25vc3dlYl9udWV2b19ub2l0ZTEyLnBuZw==\"\/>\n\t\t\t\t\t\t<img data-src=\"\/\/hnoite.com\/wp-content\/uploads\/2025\/06\/iconosweb_nuevo_noite1kingsize.png\" data-libid=\"875\" data-lib=\"medialibrary\" title=\"iconosweb_nuevo_noite1kingsize\" width=\"0\" height=\"0\" data-dbsrc=\"Ly9obm9pdGUuY29tL3dwLWNvbnRlbnQvdXBsb2Fkcy8yMDI1LzA2L2ljb25vc3dlYl9udWV2b19ub2l0ZTFraW5nc2l6ZS5wbmc=\"\/>\n\t\t\t\t\t<\/image_lists>\n\t\t\t\t<\/sr7-module>\n\t\t\t\t<script>\n\t\t\t\t\tSR7.PMH ??={}; SR7.PMH[\"SR7_17_3\"] = {cn:100,state:false,fn: function() { if (_tpt!==undefined && _tpt.prepareModuleHeight !== undefined) {  _tpt.prepareModuleHeight({id:\"SR7_17_3\",el:[500,500,468,600,320],type:'carousel',shdw:'0',gh:[500,500,400,350,320],gw:[900,900,700,600,480],vpt:['-100px&#039;,&#039;-100px&#039;,&#039;-100px&#039;,&#039;-100px&#039;,&#039;-100px'],size:{fullWidth:false, fullHeight:false},mh:'0',onh:0,onw:0,bg:{color:'{\"orig\":\"transparent\",\"type\":\"solid\",\"string\":\"transparent\"}'},carousel:{pt:'0',pb:'0'}});   SR7.PMH[\"SR7_17_3\"].state=true;} else if(SR7.PMH[\"SR7_17_3\"].cn-->0)\tsetTimeout( SR7.PMH[\"SR7_17_3\"].fn,19);}};SR7.PMH[\"SR7_17_3\" ].fn();\n\t\t\t\t<\/script>\n<div class=\"vc_empty_space\"   style=\"height: 50px\"><span class=\"vc_empty_space_inner\"><\/span><\/div><\/div><\/div><\/div><div class=\"wpb_column vc_column_container vc_col-sm-6\"><div class=\"vc_column-inner\"><div class=\"wpb_wrapper\">\n\t<div  class=\"wpb_single_image wpb_content_element vc_align_center\">\n\t\t\n\t\t<figure class=\"wpb_wrapper vc_figure\">\n\t\t\t<div class=\"vc_single_image-wrapper   vc_box_border_grey\"><img loading=\"lazy\" decoding=\"async\" width=\"1078\" height=\"1080\" src=\"https:\/\/hnoite.com\/wp-content\/uploads\/2025\/05\/master_suite_ds20293_sq.jpg\" class=\"vc_single_image-img attachment-full\" alt=\"\" title=\"master_suite_ds20293_sq\" srcset=\"https:\/\/hnoite.com\/wp-content\/uploads\/2025\/05\/master_suite_ds20293_sq.jpg 1078w, https:\/\/hnoite.com\/wp-content\/uploads\/2025\/05\/master_suite_ds20293_sq-300x300.jpg 300w, https:\/\/hnoite.com\/wp-content\/uploads\/2025\/05\/master_suite_ds20293_sq-1022x1024.jpg 1022w, https:\/\/hnoite.com\/wp-content\/uploads\/2025\/05\/master_suite_ds20293_sq-150x150.jpg 150w, https:\/\/hnoite.com\/wp-content\/uploads\/2025\/05\/master_suite_ds20293_sq-768x769.jpg 768w\" sizes=\"auto, (max-width: 1078px) 100vw, 1078px\" itemprop=\"image\" \/><\/div>\n\t\t<\/figure>\n\t<\/div>\n<\/div><\/div><\/div>\t<\/div>\n<\/div>\n\t<\/div>\n<div class=\"vc_row-full-width vc_clearfix\"><\/div>","protected":false},"excerpt":{"rendered":"MASTER SUITE Disfruta del m\u00e1ximo lujo en nuestra Master Suite, donde cada espacio est\u00e1 dise\u00f1ado para ofrecerte privacidad, estilo y un nivel de confort incomparable. AMENDIDADES AMENDIDADES","protected":false},"author":2,"featured_media":0,"parent":0,"menu_order":0,"comment_status":"closed","ping_status":"closed","template":"","meta":{"_coblocks_attr":"","_coblocks_dimensions":"","_coblocks_responsive_height":"","_coblocks_accordion_ie_support":"","footnotes":""},"class_list":["post-592","page","type-page","status-publish","hentry"],"_links":{"self":[{"href":"https:\/\/hnoite.com\/en\/wp-json\/wp\/v2\/pages\/592","targetHints":{"allow":["GET"]}}],"collection":[{"href":"https:\/\/hnoite.com\/en\/wp-json\/wp\/v2\/pages"}],"about":[{"href":"https:\/\/hnoite.com\/en\/wp-json\/wp\/v2\/types\/page"}],"author":[{"embeddable":true,"href":"https:\/\/hnoite.com\/en\/wp-json\/wp\/v2\/users\/2"}],"replies":[{"embeddable":true,"href":"https:\/\/hnoite.com\/en\/wp-json\/wp\/v2\/comments?post=592"}],"version-history":[{"count":18,"href":"https:\/\/hnoite.com\/en\/wp-json\/wp\/v2\/pages\/592\/revisions"}],"predecessor-version":[{"id":871,"href":"https:\/\/hnoite.com\/en\/wp-json\/wp\/v2\/pages\/592\/revisions\/871"}],"wp:attachment":[{"href":"https:\/\/hnoite.com\/en\/wp-json\/wp\/v2\/media?parent=592"}],"curies":[{"name":"wp","href":"https:\/\/api.w.org\/{rel}","templated":true}]}}