{"id":862,"date":"2025-06-23T12:11:49","date_gmt":"2025-06-23T18:11:49","guid":{"rendered":"https:\/\/hnoite.com\/?page_id=862"},"modified":"2025-07-02T17:18:25","modified_gmt":"2025-07-02T23:18:25","slug":"puntos-de-interes","status":"publish","type":"page","link":"https:\/\/hnoite.com\/en\/puntos-de-interes\/","title":{"rendered":"Puntos de inter\u00e9s"},"content":{"rendered":"<div  data-mk-full-width=\"true\" data-mk-full-width-init=\"false\" data-mk-stretch-content=\"true\" class=\"wpb_row vc_row vc_row-fluid jupiter-donut- mk-fullwidth-true add-padding-0 attched-true    vc_custom_1750702293772  js-master-row  mk-full-content-true\">\n\t\t\t\t\n<div class=\"vc_col-sm-12 wpb_column column_container vc_custom_1747691238528 jupiter-donut- _ jupiter-donut-height-full\">\n\t<div class=\"vc_empty_space\"   style=\"height: 350px\"><span class=\"vc_empty_space_inner\"><\/span><\/div>\n\n<div class=\"wpb_row vc_inner vc_row vc_row-fluid jupiter-donut-  add-padding-1 attched-true\">\n\t\t\t<div class=\"wpb_column vc_column_container vc_col-sm-4\"><div class=\"vc_column-inner\"><div class=\"wpb_wrapper\">\t<div class=\"vc_custom_1750702123738\">\n\n<div id=\"text-block-2\" class=\"mk-text-block  jupiter-donut-\">\n\n\t\n\t<h1><span style=\"color: #fff;\">Puntos de inter\u00e9s<\/span><\/h1>\n\n\t<div class=\"clearboth\"><\/div>\n<\/div>\n\n\t<\/div>\n<\/div><\/div><\/div><div class=\"wpb_column vc_column_container vc_col-sm-4\"><div class=\"vc_column-inner\"><div class=\"wpb_wrapper\"><\/div><\/div><\/div><div class=\"wpb_column vc_column_container vc_col-sm-4\"><div class=\"vc_column-inner\"><div class=\"wpb_wrapper\"><\/div><\/div><\/div>\t<\/div>\n<div class=\"vc_empty_space\"   style=\"height: 50px\"><span class=\"vc_empty_space_inner\"><\/span><\/div><\/div>\n\t<\/div>\n<div class=\"vc_row-full-width vc_clearfix\"><\/div>\n<div  data-mk-full-width=\"true\" data-mk-full-width-init=\"false\" data-mk-stretch-content=\"true\" class=\"wpb_row vc_row vc_row-fluid jupiter-donut- mk-fullwidth-true add-padding-0 attched-true    vc_custom_1747691397695  js-master-row  mk-full-content-true\">\n\t\t\t\t\n<div class=\"vc_col-sm-12 wpb_column column_container  jupiter-donut- _ jupiter-donut-height-full\">\n\t<div class=\"vc_empty_space\"   style=\"height: 30px\"><span class=\"vc_empty_space_inner\"><\/span><\/div><div class=\"vc_separator wpb_content_element vc_separator_align_center vc_sep_width_50 vc_sep_border_width_2 vc_sep_pos_align_center vc_separator_no_text\" ><span class=\"vc_sep_holder vc_sep_holder_l\"><span  style=\"border-color:#d2ad72;\" class=\"vc_sep_line\"><\/span><\/span><span class=\"vc_sep_holder vc_sep_holder_r\"><span  style=\"border-color:#d2ad72;\" class=\"vc_sep_line\"><\/span><\/span>\n<\/div>\n\n<div class=\"wpb_row vc_inner vc_row vc_row-fluid jupiter-donut-  add-padding-1 attched-true\">\n\t\t\t<div class=\"wpb_column vc_column_container vc_col-sm-6\"><div class=\"vc_column-inner\"><div class=\"wpb_wrapper\"><div class=\"vc_empty_space\"   style=\"height: 50px\"><span class=\"vc_empty_space_inner\"><\/span><\/div><div class=\"vc_empty_space\"   style=\"height: 50px\"><span class=\"vc_empty_space_inner\"><\/span><\/div>\t<div class=\"vc_custom_1750702502889\">\n\n<div id=\"text-block-4\" class=\"mk-text-block  jupiter-donut-\">\n\n\t\n\t<h3>Explora Le\u00f3n, Guanajuato:<\/h3>\n\n\t<div class=\"clearboth\"><\/div>\n<\/div>\n\n\t<\/div>\n<div class=\"vc_separator wpb_content_element vc_separator_align_center vc_sep_width_50 vc_sep_border_width_2 vc_sep_pos_align_left vc_separator_no_text\" ><span class=\"vc_sep_holder vc_sep_holder_l\"><span  style=\"border-color:#d2ad72;\" class=\"vc_sep_line\"><\/span><\/span><span class=\"vc_sep_holder vc_sep_holder_r\"><span  style=\"border-color:#d2ad72;\" class=\"vc_sep_line\"><\/span><\/span>\n<\/div>\t<div class=\"vc_custom_1750702496924\">\n\n<div id=\"text-block-5\" class=\"mk-text-block  jupiter-donut-\">\n\n\t\n\t<p>Descubre sus imperdibles sitios tur\u00edsticos y culturales. Desde emblem\u00e1ticos arcos hasta museos fascinantes, tu aventura comienza aqu\u00ed.<\/p>\n\n\t<div class=\"clearboth\"><\/div>\n<\/div>\n\n\t<\/div>\n\n<div class=\"mk-fancy-table table-style1  jupiter-donut-\">\n\n\t\n\t\n<table width=\"100%\">\n<thead>\n<tr>\n<th>Lugar<\/th>\n<th>Distancia<\/th>\n<th>Autom\u00f3vil<\/th>\n<th>Caminando<\/th>\n<th>\u00bfComo llegar?<\/th>\n<\/tr>\n<\/thead>\n<tbody>\n<tr>\n<td><span style=\"color: #23395a;\">Poliforum Le\u00f3n<\/span><\/td>\n<td><span style=\"color: #23395a;\">3.1 km<\/span><\/td>\n<td><span style=\"color: #23395a;\">7 min<\/span><\/td>\n<td><span style=\"color: #23395a;\">17 min<\/span><\/td>\n<td><a href=\"https:\/\/maps.app.goo.gl\/bLzbnziaJ2ysoTvg9\" target=\"_blank\" rel=\"noopener\"><span style=\"color: #23395a;\">Ver m\u00e1s<\/span><\/a><\/td>\n<\/tr>\n<tr>\n<td><span style=\"color: #23395a;\">Deportiva del Estado<\/span><\/td>\n<td><span style=\"color: #23395a;\">1.8 km<\/span><\/td>\n<td><span style=\"color: #23395a;\">6 min<\/span><\/td>\n<td><span style=\"color: #23395a;\">16 min<\/span><\/td>\n<td><a href=\"https:\/\/maps.app.goo.gl\/pouzhUA6QtfqSmsj8\" target=\"_blank\" rel=\"noopener\"><span style=\"color: #23395a;\">Ver m\u00e1s<\/span><\/a><\/td>\n<\/tr>\n<tr>\n<td><span style=\"color: #23395a;\">Estadio le\u00f3n<\/span><\/td>\n<td><span style=\"color: #23395a;\">3.8 km<\/span><\/td>\n<td><span style=\"color: #23395a;\">10 min<\/span><\/td>\n<td><span style=\"color: #23395a;\">24 min<\/span><\/td>\n<td><a href=\"https:\/\/maps.app.goo.gl\/zeoQxXCeJuiRrm6q8\" target=\"_blank\" rel=\"noopener\"><span style=\"color: #23395a;\">Ver m\u00e1s<\/span><\/a><\/td>\n<\/tr>\n<tr>\n<td><span style=\"color: #23395a;\">Zona Piel<\/span><\/td>\n<td><span style=\"color: #23395a;\">3.9 km<\/span><\/td>\n<td><span style=\"color: #23395a;\">10 min<\/span><\/td>\n<td><span style=\"color: #23395a;\">29 min<\/span><\/td>\n<td><a href=\"https:\/\/maps.app.goo.gl\/xrXVk9Ee9ATamRR89\" target=\"_blank\" rel=\"noopener\"><span style=\"color: #23395a;\">Ver m\u00e1s<\/span><\/a><\/td>\n<\/tr>\n<tr>\n<td><span style=\"color: #23395a;\">Centro Hist\u00f3rico<\/span><\/td>\n<td><span style=\"color: #23395a;\">5.9 km<\/span><\/td>\n<td><span style=\"color: #23395a;\">16 min<\/span><\/td>\n<td><span style=\"color: #23395a;\">58 min<\/span><\/td>\n<td><a href=\"https:\/\/maps.app.goo.gl\/5bxZMqN9eL8wh3Zi8\" target=\"_blank\" rel=\"noopener\"><span style=\"color: #23395a;\">Ver m\u00e1s<\/span><\/a><\/td>\n<\/tr>\n<tr>\n<td><span style=\"color: #23395a;\">Aeropuerto Internacional del Baj\u00edo<\/span><\/td>\n<td><span style=\"color: #23395a;\">23.4 km<\/span><\/td>\n<td><span style=\"color: #23395a;\">24 min<\/span><\/td>\n<td><span style=\"color: #23395a;\">5 Hr.<\/span><\/td>\n<td><a href=\"https:\/\/maps.app.goo.gl\/s2syEYQCcCU6M8Gr9\" target=\"_blank\" rel=\"noopener\"><span style=\"color: #23395a;\">Ver m\u00e1s<\/span><\/a><\/td>\n<\/tr>\n<tr>\n<td><span style=\"color: #23395a;\">Puerto Interior<\/span><\/td>\n<td><span style=\"color: #23395a;\">23.5 km<\/span><\/td>\n<td><span style=\"color: #23395a;\">25 min<\/span><\/td>\n<td><span style=\"color: #23395a;\">5 hr.<\/span><\/td>\n<td><a href=\"https:\/\/maps.app.goo.gl\/4uYh5KUwQV155uXt8\" target=\"_blank\" rel=\"noopener\"><span style=\"color: #23395a;\">Ver m\u00e1s<\/span><\/a><\/td>\n<\/tr>\n<\/tbody>\n<\/table>\n\n<\/div>\n<div class=\"vc_empty_space\"   style=\"height: 50px\"><span class=\"vc_empty_space_inner\"><\/span><\/div><\/div><\/div><\/div><div class=\"wpb_column vc_column_container vc_col-sm-6\"><div class=\"vc_column-inner\"><div class=\"wpb_wrapper\"><div class=\"wpb_images_carousel wpb_content_element vc_clearfix\"><div class=\"wpb_wrapper\"><div id=\"vc_images-carousel-1-1776797096\" data-ride=\"vc_carousel\" data-wrap=\"true\" style=\"width: 100%;\" data-interval=\"3000\" data-auto-height=\"yes\" data-mode=\"horizontal\" data-partial=\"false\" data-per-view=\"1\" data-hide-on-end=\"false\" class=\"vc_slide vc_images_carousel\"><ol class=\"vc_carousel-indicators\"><li data-target=\"#vc_images-carousel-1-1776797096\" data-slide-to=\"0\"><\/li><li data-target=\"#vc_images-carousel-1-1776797096\" data-slide-to=\"1\"><\/li><li data-target=\"#vc_images-carousel-1-1776797096\" data-slide-to=\"2\"><\/li><li data-target=\"#vc_images-carousel-1-1776797096\" data-slide-to=\"3\"><\/li><li data-target=\"#vc_images-carousel-1-1776797096\" data-slide-to=\"4\"><\/li><li data-target=\"#vc_images-carousel-1-1776797096\" data-slide-to=\"5\"><\/li><li data-target=\"#vc_images-carousel-1-1776797096\" data-slide-to=\"6\"><\/li><\/ol><div class=\"vc_carousel-inner\"><div class=\"vc_carousel-slideline\"><div class=\"vc_carousel-slideline-inner\"><div class=\"vc_item\"><div class=\"vc_inner\"><img loading=\"lazy\" decoding=\"async\" width=\"1500\" height=\"1500\" src=\"https:\/\/hnoite.com\/wp-content\/uploads\/2025\/07\/pd_interes_07.jpg\" class=\"attachment-full\" alt=\"\" title=\"pd_interes_07\" srcset=\"https:\/\/hnoite.com\/wp-content\/uploads\/2025\/07\/pd_interes_07.jpg 1500w, https:\/\/hnoite.com\/wp-content\/uploads\/2025\/07\/pd_interes_07-300x300.jpg 300w, https:\/\/hnoite.com\/wp-content\/uploads\/2025\/07\/pd_interes_07-1024x1024.jpg 1024w, https:\/\/hnoite.com\/wp-content\/uploads\/2025\/07\/pd_interes_07-150x150.jpg 150w, https:\/\/hnoite.com\/wp-content\/uploads\/2025\/07\/pd_interes_07-768x768.jpg 768w, https:\/\/hnoite.com\/wp-content\/uploads\/2025\/07\/pd_interes_07-12x12.jpg 12w\" sizes=\"auto, (max-width: 1500px) 100vw, 1500px\" itemprop=\"image\" \/><\/div><\/div><div class=\"vc_item\"><div class=\"vc_inner\"><img loading=\"lazy\" decoding=\"async\" width=\"1500\" height=\"1500\" src=\"https:\/\/hnoite.com\/wp-content\/uploads\/2025\/07\/pd_interes_06.jpg\" class=\"attachment-full\" alt=\"\" title=\"pd_interes_06\" srcset=\"https:\/\/hnoite.com\/wp-content\/uploads\/2025\/07\/pd_interes_06.jpg 1500w, https:\/\/hnoite.com\/wp-content\/uploads\/2025\/07\/pd_interes_06-300x300.jpg 300w, https:\/\/hnoite.com\/wp-content\/uploads\/2025\/07\/pd_interes_06-1024x1024.jpg 1024w, https:\/\/hnoite.com\/wp-content\/uploads\/2025\/07\/pd_interes_06-150x150.jpg 150w, https:\/\/hnoite.com\/wp-content\/uploads\/2025\/07\/pd_interes_06-768x768.jpg 768w, https:\/\/hnoite.com\/wp-content\/uploads\/2025\/07\/pd_interes_06-12x12.jpg 12w\" sizes=\"auto, (max-width: 1500px) 100vw, 1500px\" itemprop=\"image\" \/><\/div><\/div><div class=\"vc_item\"><div class=\"vc_inner\"><img loading=\"lazy\" decoding=\"async\" width=\"1500\" height=\"1500\" src=\"https:\/\/hnoite.com\/wp-content\/uploads\/2025\/07\/pd_interes_05.jpg\" class=\"attachment-full\" alt=\"\" title=\"pd_interes_05\" srcset=\"https:\/\/hnoite.com\/wp-content\/uploads\/2025\/07\/pd_interes_05.jpg 1500w, https:\/\/hnoite.com\/wp-content\/uploads\/2025\/07\/pd_interes_05-300x300.jpg 300w, https:\/\/hnoite.com\/wp-content\/uploads\/2025\/07\/pd_interes_05-1024x1024.jpg 1024w, https:\/\/hnoite.com\/wp-content\/uploads\/2025\/07\/pd_interes_05-150x150.jpg 150w, https:\/\/hnoite.com\/wp-content\/uploads\/2025\/07\/pd_interes_05-768x768.jpg 768w, https:\/\/hnoite.com\/wp-content\/uploads\/2025\/07\/pd_interes_05-12x12.jpg 12w\" sizes=\"auto, (max-width: 1500px) 100vw, 1500px\" itemprop=\"image\" \/><\/div><\/div><div class=\"vc_item\"><div class=\"vc_inner\"><img loading=\"lazy\" decoding=\"async\" width=\"1500\" height=\"1500\" src=\"https:\/\/hnoite.com\/wp-content\/uploads\/2025\/07\/pd_interes_04.jpg\" class=\"attachment-full\" alt=\"\" title=\"pd_interes_04\" srcset=\"https:\/\/hnoite.com\/wp-content\/uploads\/2025\/07\/pd_interes_04.jpg 1500w, https:\/\/hnoite.com\/wp-content\/uploads\/2025\/07\/pd_interes_04-300x300.jpg 300w, https:\/\/hnoite.com\/wp-content\/uploads\/2025\/07\/pd_interes_04-1024x1024.jpg 1024w, https:\/\/hnoite.com\/wp-content\/uploads\/2025\/07\/pd_interes_04-150x150.jpg 150w, https:\/\/hnoite.com\/wp-content\/uploads\/2025\/07\/pd_interes_04-768x768.jpg 768w, https:\/\/hnoite.com\/wp-content\/uploads\/2025\/07\/pd_interes_04-12x12.jpg 12w\" sizes=\"auto, (max-width: 1500px) 100vw, 1500px\" itemprop=\"image\" \/><\/div><\/div><div class=\"vc_item\"><div class=\"vc_inner\"><img loading=\"lazy\" decoding=\"async\" width=\"1500\" height=\"1500\" src=\"https:\/\/hnoite.com\/wp-content\/uploads\/2025\/07\/pd_interes_03.jpg\" class=\"attachment-full\" alt=\"\" title=\"pd_interes_03\" srcset=\"https:\/\/hnoite.com\/wp-content\/uploads\/2025\/07\/pd_interes_03.jpg 1500w, https:\/\/hnoite.com\/wp-content\/uploads\/2025\/07\/pd_interes_03-300x300.jpg 300w, https:\/\/hnoite.com\/wp-content\/uploads\/2025\/07\/pd_interes_03-1024x1024.jpg 1024w, https:\/\/hnoite.com\/wp-content\/uploads\/2025\/07\/pd_interes_03-150x150.jpg 150w, https:\/\/hnoite.com\/wp-content\/uploads\/2025\/07\/pd_interes_03-768x768.jpg 768w, https:\/\/hnoite.com\/wp-content\/uploads\/2025\/07\/pd_interes_03-12x12.jpg 12w\" sizes=\"auto, (max-width: 1500px) 100vw, 1500px\" itemprop=\"image\" \/><\/div><\/div><div class=\"vc_item\"><div class=\"vc_inner\"><img loading=\"lazy\" decoding=\"async\" width=\"1500\" height=\"1500\" src=\"https:\/\/hnoite.com\/wp-content\/uploads\/2025\/07\/pd_interes_02.jpg\" class=\"attachment-full\" alt=\"\" title=\"pd_interes_02\" srcset=\"https:\/\/hnoite.com\/wp-content\/uploads\/2025\/07\/pd_interes_02.jpg 1500w, https:\/\/hnoite.com\/wp-content\/uploads\/2025\/07\/pd_interes_02-300x300.jpg 300w, https:\/\/hnoite.com\/wp-content\/uploads\/2025\/07\/pd_interes_02-1024x1024.jpg 1024w, https:\/\/hnoite.com\/wp-content\/uploads\/2025\/07\/pd_interes_02-150x150.jpg 150w, https:\/\/hnoite.com\/wp-content\/uploads\/2025\/07\/pd_interes_02-768x768.jpg 768w, https:\/\/hnoite.com\/wp-content\/uploads\/2025\/07\/pd_interes_02-12x12.jpg 12w\" sizes=\"auto, (max-width: 1500px) 100vw, 1500px\" itemprop=\"image\" \/><\/div><\/div><div class=\"vc_item\"><div class=\"vc_inner\"><img loading=\"lazy\" decoding=\"async\" width=\"1500\" height=\"1500\" src=\"https:\/\/hnoite.com\/wp-content\/uploads\/2025\/07\/pd_interes_01.jpg\" class=\"attachment-full\" alt=\"\" title=\"pd_interes_01\" srcset=\"https:\/\/hnoite.com\/wp-content\/uploads\/2025\/07\/pd_interes_01.jpg 1500w, https:\/\/hnoite.com\/wp-content\/uploads\/2025\/07\/pd_interes_01-300x300.jpg 300w, https:\/\/hnoite.com\/wp-content\/uploads\/2025\/07\/pd_interes_01-1024x1024.jpg 1024w, https:\/\/hnoite.com\/wp-content\/uploads\/2025\/07\/pd_interes_01-150x150.jpg 150w, https:\/\/hnoite.com\/wp-content\/uploads\/2025\/07\/pd_interes_01-768x768.jpg 768w, https:\/\/hnoite.com\/wp-content\/uploads\/2025\/07\/pd_interes_01-12x12.jpg 12w\" sizes=\"auto, (max-width: 1500px) 100vw, 1500px\" itemprop=\"image\" \/><\/div><\/div><\/div><\/div><\/div><\/div><\/div><\/div><\/div><\/div><\/div>\t<\/div>\n<\/div>\n\t<\/div>\n<div class=\"vc_row-full-width vc_clearfix\"><\/div>","protected":false},"excerpt":{"rendered":"Puntos de inter\u00e9s Explora Le\u00f3n, Guanajuato: Descubre sus imperdibles sitios tur\u00edsticos y culturales. Desde emblem\u00e1ticos arcos hasta museos fascinantes, tu aventura comienza aqu\u00ed. Lugar Distancia Autom\u00f3vil Caminando \u00bfComo llegar? Poliforum Le\u00f3n 3.1 km 7 min 17 min Ver m\u00e1s Deportiva del Estado 1.8 km 6 min 16 min Ver m\u00e1s Estadio le\u00f3n 3.8 km 10 [...]","protected":false},"author":2,"featured_media":0,"parent":0,"menu_order":0,"comment_status":"closed","ping_status":"closed","template":"","meta":{"_coblocks_attr":"","_coblocks_dimensions":"","_coblocks_responsive_height":"","_coblocks_accordion_ie_support":"","footnotes":""},"class_list":["post-862","page","type-page","status-publish","hentry"],"_links":{"self":[{"href":"https:\/\/hnoite.com\/en\/wp-json\/wp\/v2\/pages\/862","targetHints":{"allow":["GET"]}}],"collection":[{"href":"https:\/\/hnoite.com\/en\/wp-json\/wp\/v2\/pages"}],"about":[{"href":"https:\/\/hnoite.com\/en\/wp-json\/wp\/v2\/types\/page"}],"author":[{"embeddable":true,"href":"https:\/\/hnoite.com\/en\/wp-json\/wp\/v2\/users\/2"}],"replies":[{"embeddable":true,"href":"https:\/\/hnoite.com\/en\/wp-json\/wp\/v2\/comments?post=862"}],"version-history":[{"count":7,"href":"https:\/\/hnoite.com\/en\/wp-json\/wp\/v2\/pages\/862\/revisions"}],"predecessor-version":[{"id":915,"href":"https:\/\/hnoite.com\/en\/wp-json\/wp\/v2\/pages\/862\/revisions\/915"}],"wp:attachment":[{"href":"https:\/\/hnoite.com\/en\/wp-json\/wp\/v2\/media?parent=862"}],"curies":[{"name":"wp","href":"https:\/\/api.w.org\/{rel}","templated":true}]}}